{"id":104,"date":"2024-04-23T16:00:56","date_gmt":"2024-04-23T14:00:56","guid":{"rendered":"https:\/\/ongagapemadag.net\/?page_id=104"},"modified":"2026-03-12T23:23:54","modified_gmt":"2026-03-12T22:23:54","slug":"centre-de-formation-et-multiservice-agape","status":"publish","type":"page","link":"https:\/\/ongagapemadag.net\/index.php\/centre-de-formation-et-multiservice-agape\/","title":{"rendered":"CENTRE D&rsquo;ETUDE ET FORMATION &#8211; ANDRAITOA BATERAVOLA FIANARANTSOA"},"content":{"rendered":"\n<p>LA MAISON DE LA PROVIDENCE : CENTRE DE FORMATION PROFESSIONNEL ET MULTISERVICE : <\/p>\n\n\n\n<div class=\"wp-block-cover\"><img loading=\"lazy\" decoding=\"async\" width=\"1024\" height=\"768\" class=\"wp-block-cover__image-background wp-image-361\" alt=\"\" src=\"https:\/\/ongagapemadag.net\/wp-content\/uploads\/2026\/01\/WhatsApp-Image-2026-01-27-at-08.57.36-1024x768.jpeg\" data-object-fit=\"cover\" srcset=\"https:\/\/ongagapemadag.net\/wp-content\/uploads\/2026\/01\/WhatsApp-Image-2026-01-27-at-08.57.36-1024x768.jpeg 1024w, https:\/\/ongagapemadag.net\/wp-content\/uploads\/2026\/01\/WhatsApp-Image-2026-01-27-at-08.57.36-300x225.jpeg 300w, https:\/\/ongagapemadag.net\/wp-content\/uploads\/2026\/01\/WhatsApp-Image-2026-01-27-at-08.57.36-768x576.jpeg 768w, https:\/\/ongagapemadag.net\/wp-content\/uploads\/2026\/01\/WhatsApp-Image-2026-01-27-at-08.57.36-1536x1152.jpeg 1536w, https:\/\/ongagapemadag.net\/wp-content\/uploads\/2026\/01\/WhatsApp-Image-2026-01-27-at-08.57.36-1200x900.jpeg 1200w, https:\/\/ongagapemadag.net\/wp-content\/uploads\/2026\/01\/WhatsApp-Image-2026-01-27-at-08.57.36.jpeg 1600w\" sizes=\"auto, (max-width: 1024px) 100vw, 1024px\" \/><span aria-hidden=\"true\" class=\"wp-block-cover__background has-background-dim\"><\/span><div class=\"wp-block-cover__inner-container is-layout-flow wp-block-cover-is-layout-flow\">\n<p>CENTRE D&rsquo;ETUDE ET FORMATION MULTISERCVICES ANDRAITOA <\/p>\n\n\n\n<p>FIANARANTSOA MADAGASCAR<\/p>\n<\/div><\/div>\n\n\n\n<p>+261 38 60 008 39 (Telma)\/+261 32 45 255 19 (orange +WhatsApp) ;&nbsp;<a href=\"mailto:ongagapemad@gmail.com\">ongagapemad@gmail.com<\/a>&nbsp;<\/p>\n\n\n\n<p><strong>ADRESSE <\/strong>:<\/p>\n\n\n\n<p>Lot: 3604\/012C\/ K6 Andraitoa Bateravola, Fianarantsoa, MADAGASCAR, 301<\/p>\n\n\n\n<p>R\u00c9F\u00c9RENCE\/ NIF : Arr\u00eat\u00e9 d\u2019Agr\u00e9ment N\u00b0 01\/23-GOUV\/AMM\/ONG, Immatriculation N\u00b0 01\/23\/IMM du 03 Avril 2023, NIF: 500548342-STAT: 94111222021000109<\/p>\n\n\n\n<p>CONTACTS:<\/p>\n\n\n\n<p>:+261 38 60 008 39 (Telma)\/+261 32 45 255 19 (orange +WhatsApp);&nbsp;<a href=\"mailto:ongagapemad@gmail.com\">ongagapemad@gmail.com<\/a>&nbsp;<\/p>\n\n\n\n<figure class=\"wp-block-image\"><img loading=\"lazy\" decoding=\"async\" width=\"650\" height=\"710\" src=\"https:\/\/ongagapemadag.net\/wp-content\/uploads\/2024\/04\/COORDONNEES-BANCAIRES-ONG-AGAPE-MADAGASCAR.jpg\" alt=\"\" class=\"wp-image-111\" srcset=\"https:\/\/ongagapemadag.net\/wp-content\/uploads\/2024\/04\/COORDONNEES-BANCAIRES-ONG-AGAPE-MADAGASCAR.jpg 650w, https:\/\/ongagapemadag.net\/wp-content\/uploads\/2024\/04\/COORDONNEES-BANCAIRES-ONG-AGAPE-MADAGASCAR-275x300.jpg 275w\" sizes=\"auto, (max-width: 650px) 100vw, 650px\" \/><\/figure>\n\n\n\n<p><strong>COURS DE LANGUES ERENGERES EN LIGNE (\u00c0 DISTANCE)<\/strong>&nbsp;: +261 38 60 008 39 (Telma)\/+261 32 45 255 19 (orange +WhatsApp) ;&nbsp;<a href=\"mailto:ongagapemad@gmail.com\">ongagapemad@gmail.com<\/a>&nbsp;<\/p>\n\n\n\n<figure class=\"wp-block-image size-large\"><img loading=\"lazy\" decoding=\"async\" width=\"1024\" height=\"768\" src=\"https:\/\/ongagapemadag.net\/wp-content\/uploads\/2025\/04\/SALA-CORSI-CENTRO-AGAPE-1024x768.jpg\" alt=\"\" class=\"wp-image-224\" srcset=\"https:\/\/ongagapemadag.net\/wp-content\/uploads\/2025\/04\/SALA-CORSI-CENTRO-AGAPE-1024x768.jpg 1024w, https:\/\/ongagapemadag.net\/wp-content\/uploads\/2025\/04\/SALA-CORSI-CENTRO-AGAPE-300x225.jpg 300w, https:\/\/ongagapemadag.net\/wp-content\/uploads\/2025\/04\/SALA-CORSI-CENTRO-AGAPE-768x576.jpg 768w, https:\/\/ongagapemadag.net\/wp-content\/uploads\/2025\/04\/SALA-CORSI-CENTRO-AGAPE-1200x900.jpg 1200w, https:\/\/ongagapemadag.net\/wp-content\/uploads\/2025\/04\/SALA-CORSI-CENTRO-AGAPE.jpg 1280w\" sizes=\"auto, (max-width: 1024px) 100vw, 1024px\" \/><\/figure>\n\n\n\n<figure class=\"wp-block-image size-large\"><img loading=\"lazy\" decoding=\"async\" width=\"768\" height=\"1024\" src=\"https:\/\/ongagapemadag.net\/wp-content\/uploads\/2025\/04\/students-english-corse-3-768x1024.jpg\" alt=\"\" class=\"wp-image-226\" srcset=\"https:\/\/ongagapemadag.net\/wp-content\/uploads\/2025\/04\/students-english-corse-3-768x1024.jpg 768w, https:\/\/ongagapemadag.net\/wp-content\/uploads\/2025\/04\/students-english-corse-3-225x300.jpg 225w, https:\/\/ongagapemadag.net\/wp-content\/uploads\/2025\/04\/students-english-corse-3-1152x1536.jpg 1152w, https:\/\/ongagapemadag.net\/wp-content\/uploads\/2025\/04\/students-english-corse-3.jpg 1200w\" sizes=\"auto, (max-width: 768px) 100vw, 768px\" \/><\/figure>\n\n\n\n<figure class=\"wp-block-image size-large\"><img loading=\"lazy\" decoding=\"async\" width=\"768\" height=\"1024\" src=\"https:\/\/ongagapemadag.net\/wp-content\/uploads\/2025\/04\/students-english-corse-4-1-768x1024.jpg\" alt=\"\" class=\"wp-image-227\" srcset=\"https:\/\/ongagapemadag.net\/wp-content\/uploads\/2025\/04\/students-english-corse-4-1-768x1024.jpg 768w, https:\/\/ongagapemadag.net\/wp-content\/uploads\/2025\/04\/students-english-corse-4-1-225x300.jpg 225w, https:\/\/ongagapemadag.net\/wp-content\/uploads\/2025\/04\/students-english-corse-4-1-1152x1536.jpg 1152w, https:\/\/ongagapemadag.net\/wp-content\/uploads\/2025\/04\/students-english-corse-4-1.jpg 1200w\" sizes=\"auto, (max-width: 768px) 100vw, 768px\" \/><\/figure>\n\n\n\n<figure class=\"wp-block-image\"><img loading=\"lazy\" decoding=\"async\" width=\"1024\" height=\"768\" src=\"https:\/\/ongagapemadag.net\/wp-content\/uploads\/2024\/04\/essai-video-projecteur-1024x768.jpg\" alt=\"\" class=\"wp-image-112\" srcset=\"https:\/\/ongagapemadag.net\/wp-content\/uploads\/2024\/04\/essai-video-projecteur-1024x768.jpg 1024w, https:\/\/ongagapemadag.net\/wp-content\/uploads\/2024\/04\/essai-video-projecteur-300x225.jpg 300w, https:\/\/ongagapemadag.net\/wp-content\/uploads\/2024\/04\/essai-video-projecteur-768x576.jpg 768w, https:\/\/ongagapemadag.net\/wp-content\/uploads\/2024\/04\/essai-video-projecteur-1536x1152.jpg 1536w, https:\/\/ongagapemadag.net\/wp-content\/uploads\/2024\/04\/essai-video-projecteur-1200x900.jpg 1200w, https:\/\/ongagapemadag.net\/wp-content\/uploads\/2024\/04\/essai-video-projecteur.jpg 1958w\" sizes=\"auto, (max-width: 1024px) 100vw, 1024px\" \/><\/figure>\n\n\n\n<figure class=\"wp-block-image size-full is-resized\"><img loading=\"lazy\" decoding=\"async\" width=\"396\" height=\"255\" src=\"https:\/\/ongagapemadag.net\/wp-content\/uploads\/2025\/04\/image-3.png\" alt=\"\" class=\"wp-image-234\" style=\"width:609px;height:auto\" srcset=\"https:\/\/ongagapemadag.net\/wp-content\/uploads\/2025\/04\/image-3.png 396w, https:\/\/ongagapemadag.net\/wp-content\/uploads\/2025\/04\/image-3-300x193.png 300w\" sizes=\"auto, (max-width: 396px) 100vw, 396px\" \/><\/figure>\n\n\n\n<p><strong>COURS DE MUSIQUES <\/strong>: +261 38 60 008 39 (Telma)\/+261 32 45 255 19 (orange +WhatsApp);&nbsp;<a href=\"mailto:ongagapemad@gmail.com\">ongagapemad@gmail.com<\/a>&nbsp;<\/p>\n\n\n\n<figure class=\"wp-block-image\"><img loading=\"lazy\" decoding=\"async\" width=\"720\" height=\"540\" src=\"https:\/\/ongagapemadag.net\/wp-content\/uploads\/2024\/04\/image-10.png\" alt=\"\" class=\"wp-image-116\" srcset=\"https:\/\/ongagapemadag.net\/wp-content\/uploads\/2024\/04\/image-10.png 720w, https:\/\/ongagapemadag.net\/wp-content\/uploads\/2024\/04\/image-10-300x225.png 300w\" sizes=\"auto, (max-width: 720px) 100vw, 720px\" \/><\/figure>\n\n\n\n<figure class=\"wp-block-image\"><img loading=\"lazy\" decoding=\"async\" width=\"720\" height=\"478\" src=\"https:\/\/ongagapemadag.net\/wp-content\/uploads\/2024\/04\/image-9.png\" alt=\"\" class=\"wp-image-108\" srcset=\"https:\/\/ongagapemadag.net\/wp-content\/uploads\/2024\/04\/image-9.png 720w, https:\/\/ongagapemadag.net\/wp-content\/uploads\/2024\/04\/image-9-300x199.png 300w\" sizes=\"auto, (max-width: 720px) 100vw, 720px\" \/><\/figure>\n\n\n\n<p><strong>Cours d&rsquo;informatique bureautique <\/strong><\/p>\n\n\n\n<figure class=\"wp-block-image size-full is-resized\"><img loading=\"lazy\" decoding=\"async\" width=\"385\" height=\"305\" src=\"https:\/\/ongagapemadag.net\/wp-content\/uploads\/2025\/04\/image.png\" alt=\"\" class=\"wp-image-230\" style=\"width:608px;height:auto\" srcset=\"https:\/\/ongagapemadag.net\/wp-content\/uploads\/2025\/04\/image.png 385w, https:\/\/ongagapemadag.net\/wp-content\/uploads\/2025\/04\/image-300x238.png 300w\" sizes=\"auto, (max-width: 385px) 100vw, 385px\" \/><\/figure>\n\n\n\n<figure class=\"wp-block-image size-large\"><img loading=\"lazy\" decoding=\"async\" width=\"1024\" height=\"535\" src=\"https:\/\/ongagapemadag.net\/wp-content\/uploads\/2024\/04\/image-11-1024x535.png\" alt=\"\" class=\"wp-image-140\" srcset=\"https:\/\/ongagapemadag.net\/wp-content\/uploads\/2024\/04\/image-11-1024x535.png 1024w, https:\/\/ongagapemadag.net\/wp-content\/uploads\/2024\/04\/image-11-300x157.png 300w, https:\/\/ongagapemadag.net\/wp-content\/uploads\/2024\/04\/image-11-768x401.png 768w, https:\/\/ongagapemadag.net\/wp-content\/uploads\/2024\/04\/image-11.png 1080w\" sizes=\"auto, (max-width: 1024px) 100vw, 1024px\" \/><\/figure>\n\n\n\n<figure class=\"wp-block-image size-full is-resized\"><img loading=\"lazy\" decoding=\"async\" width=\"320\" height=\"213\" src=\"https:\/\/ongagapemadag.net\/wp-content\/uploads\/2024\/04\/image-12.png\" alt=\"\" class=\"wp-image-142\" style=\"width:607px;height:auto\" srcset=\"https:\/\/ongagapemadag.net\/wp-content\/uploads\/2024\/04\/image-12.png 320w, https:\/\/ongagapemadag.net\/wp-content\/uploads\/2024\/04\/image-12-300x200.png 300w\" sizes=\"auto, (max-width: 320px) 100vw, 320px\" \/><\/figure>\n\n\n\n<p><strong>Cours de coupe et couture <\/strong><\/p>\n\n\n\n<figure class=\"wp-block-image size-full is-resized\"><img loading=\"lazy\" decoding=\"async\" width=\"392\" height=\"243\" src=\"https:\/\/ongagapemadag.net\/wp-content\/uploads\/2025\/04\/image-1.png\" alt=\"\" class=\"wp-image-232\" style=\"width:610px;height:auto\" srcset=\"https:\/\/ongagapemadag.net\/wp-content\/uploads\/2025\/04\/image-1.png 392w, https:\/\/ongagapemadag.net\/wp-content\/uploads\/2025\/04\/image-1-300x186.png 300w\" sizes=\"auto, (max-width: 392px) 100vw, 392px\" \/><\/figure>\n\n\n\n<figure class=\"wp-block-image size-large\"><img loading=\"lazy\" decoding=\"async\" width=\"1024\" height=\"768\" src=\"https:\/\/ongagapemadag.net\/wp-content\/uploads\/2024\/04\/image-13-1024x768.png\" alt=\"\" class=\"wp-image-143\" srcset=\"https:\/\/ongagapemadag.net\/wp-content\/uploads\/2024\/04\/image-13-1024x768.png 1024w, https:\/\/ongagapemadag.net\/wp-content\/uploads\/2024\/04\/image-13-300x225.png 300w, https:\/\/ongagapemadag.net\/wp-content\/uploads\/2024\/04\/image-13-768x576.png 768w, https:\/\/ongagapemadag.net\/wp-content\/uploads\/2024\/04\/image-13-1536x1152.png 1536w, https:\/\/ongagapemadag.net\/wp-content\/uploads\/2024\/04\/image-13-1200x900.png 1200w, https:\/\/ongagapemadag.net\/wp-content\/uploads\/2024\/04\/image-13.png 1600w\" sizes=\"auto, (max-width: 1024px) 100vw, 1024px\" \/><\/figure>\n\n\n\n<figure class=\"wp-block-image size-full is-resized\"><img loading=\"lazy\" decoding=\"async\" width=\"410\" height=\"282\" src=\"https:\/\/ongagapemadag.net\/wp-content\/uploads\/2024\/04\/image-14.png\" alt=\"\" class=\"wp-image-144\" style=\"width:610px;height:auto\" srcset=\"https:\/\/ongagapemadag.net\/wp-content\/uploads\/2024\/04\/image-14.png 410w, https:\/\/ongagapemadag.net\/wp-content\/uploads\/2024\/04\/image-14-300x206.png 300w\" sizes=\"auto, (max-width: 410px) 100vw, 410px\" \/><\/figure>\n\n\n\n<p>SORTIE DE PROMOTIONS : COUPE ET COUTURE- LANGUES \u00c9TRANG\u00c8RES <\/p>\n\n\n\n<figure class=\"wp-block-image size-large\"><img loading=\"lazy\" decoding=\"async\" width=\"1024\" height=\"768\" src=\"https:\/\/ongagapemadag.net\/wp-content\/uploads\/2026\/01\/PROMO-SANTATRA-CENTRE-AG-2-1024x768.jpeg\" alt=\"\" class=\"wp-image-363\" srcset=\"https:\/\/ongagapemadag.net\/wp-content\/uploads\/2026\/01\/PROMO-SANTATRA-CENTRE-AG-2-1024x768.jpeg 1024w, https:\/\/ongagapemadag.net\/wp-content\/uploads\/2026\/01\/PROMO-SANTATRA-CENTRE-AG-2-300x225.jpeg 300w, https:\/\/ongagapemadag.net\/wp-content\/uploads\/2026\/01\/PROMO-SANTATRA-CENTRE-AG-2-768x576.jpeg 768w, https:\/\/ongagapemadag.net\/wp-content\/uploads\/2026\/01\/PROMO-SANTATRA-CENTRE-AG-2-1536x1152.jpeg 1536w, https:\/\/ongagapemadag.net\/wp-content\/uploads\/2026\/01\/PROMO-SANTATRA-CENTRE-AG-2-1200x900.jpeg 1200w, https:\/\/ongagapemadag.net\/wp-content\/uploads\/2026\/01\/PROMO-SANTATRA-CENTRE-AG-2.jpeg 1600w\" sizes=\"auto, (max-width: 1024px) 100vw, 1024px\" \/><\/figure>\n\n\n\n<figure class=\"wp-block-image size-large\"><img loading=\"lazy\" decoding=\"async\" width=\"1024\" height=\"768\" src=\"https:\/\/ongagapemadag.net\/wp-content\/uploads\/2026\/01\/PROMO-SNTATRA-CENTRE-AGAPE-1-1024x768.jpeg\" alt=\"\" class=\"wp-image-364\" srcset=\"https:\/\/ongagapemadag.net\/wp-content\/uploads\/2026\/01\/PROMO-SNTATRA-CENTRE-AGAPE-1-1024x768.jpeg 1024w, https:\/\/ongagapemadag.net\/wp-content\/uploads\/2026\/01\/PROMO-SNTATRA-CENTRE-AGAPE-1-300x225.jpeg 300w, https:\/\/ongagapemadag.net\/wp-content\/uploads\/2026\/01\/PROMO-SNTATRA-CENTRE-AGAPE-1-768x576.jpeg 768w, https:\/\/ongagapemadag.net\/wp-content\/uploads\/2026\/01\/PROMO-SNTATRA-CENTRE-AGAPE-1-1536x1152.jpeg 1536w, https:\/\/ongagapemadag.net\/wp-content\/uploads\/2026\/01\/PROMO-SNTATRA-CENTRE-AGAPE-1-1200x900.jpeg 1200w, https:\/\/ongagapemadag.net\/wp-content\/uploads\/2026\/01\/PROMO-SNTATRA-CENTRE-AGAPE-1.jpeg 1600w\" sizes=\"auto, (max-width: 1024px) 100vw, 1024px\" \/><\/figure>\n\n\n\n<p><\/p>\n\n\n\n<p><strong>CONTACTS : <\/strong><\/p>\n\n\n<p class=\"MsoNormal\" style=\"text-indent: 0cm;\"><span lang=\"EN-US\" style=\"mso-ansi-language: EN-US;\">Site web ONG A.G.A.P.E. MADAGASCAR : <\/span><a href=\"https:\/\/ongagapemadag.net\"><span lang=\"EN-US\" style=\"mso-ansi-language: EN-US;\">https:\/\/ongagapemadag.net<\/span><\/a><span lang=\"EN-US\" style=\"mso-ansi-language: EN-US;\">\u00a0<\/span><\/p>\n<p><span lang=\"EN-US\" style=\"mso-ansi-language: EN-US;\">Email ONG A.G.A.P.E.<br \/>MADAGASCAR: <\/span><a href=\"mailto:ongagapemad@gmail.com\"><span lang=\"EN-US\" style=\"mso-ansi-language: EN-US;\">ongagapemad@gmail.com<\/span><\/a><span lang=\"EN-US\" style=\"mso-ansi-language: EN-US;\">\u00a0<\/span><\/p>\n<p><!-- \/wp:post-content --><!-- wp:paragraph --><\/p>\n<p><!-- \/wp:paragraph --><\/p>\n<p class=\"MsoNormal\"><span lang=\"EN-US\" style=\"mso-ansi-language: EN-US;\">Tel . (+261)<br \/>38 60 008 39 (Telma)\/ (+261) 32 45 255 19 (orange +WhatsApp)<\/span><\/p>\n<p><!-- wp:paragraph --><\/p>\n<p><strong>ADRESSE <\/strong>:<\/p>\n<p><!-- \/wp:paragraph --> <!-- wp:paragraph --><\/p>\n<p>Lot: 3604\/012C\/ K6 Andraitoa Bateravola, Fianarantsoa, MADAGASCAR, 301<\/p>\n<p><!-- \/wp:paragraph --> <!-- wp:paragraph --><\/p>\n<p>R\u00c9F\u00c9RENCE NIF : Arr\u00eat\u00e9 d\u2019Agr\u00e9ment N\u00b0 01\/23-GOUV\/AMM\/ONG, Immatriculation N\u00b0 01\/23\/IMM du 03 Avril 2023, NIF: 500548342-STAT: 94111222021000109<\/p>\n<p><strong>COORDONN\u00c9ES BANCAIRES DE L&rsquo;ONG AGAPE MADAGASCAR<\/strong><\/p>\n<p><!-- \/wp:paragraph --><\/p>\n<p><!-- wp:paragraph --><\/p>\n<p>COMPTE, IBAN:MG4600008003400500401287140<\/p>\n<p><!-- \/wp:paragraph --><\/p>\n<p><!-- wp:paragraph --><\/p>\n<p>BANQUE: BRED &#8211; Banque populaire, MADAGASCAR<\/p>\n<p><!-- \/wp:paragraph --><\/p>\n<p><!-- wp:paragraph --><\/p>\n<p>AU NOM DE : <strong>A<\/strong>mour pour la <strong>G<\/strong>arantie de l\u2019<strong>A<\/strong>venir des <strong>P<\/strong>articipants <strong>E<\/strong>veill\u00e9s<\/p>\n<p><!-- \/wp:paragraph --><\/p>\n<p><!-- wp:paragraph --><\/p>\n<p>CODE BIC (Bank identifier Code) : BFAVMGMGXXX<\/p>\n<p><!-- \/wp:paragraph --><\/p>\n<p><!-- wp:paragraph --><\/p>\n<p>&#8212;&#8212;&#8212;&#8212;&#8212;&#8212;&#8212;&#8212;&#8212;&#8212;&#8212;&#8212;&#8212;&#8212;&#8212;&#8212;&#8212;&#8212;&#8212;<\/p>\n<p><!-- \/wp:paragraph --><\/p>\n<p><!-- wp:paragraph --><\/p>\n<p><strong>COMPTE BANCAIRE ALTERNATIF:<\/strong><\/p>\n<p><!-- \/wp:paragraph --><\/p>\n<p><!-- wp:paragraph --><\/p>\n<p>Banque en Italie : CREDIT AGRICOLE<\/p>\n<p><!-- \/wp:paragraph --><\/p>\n<p><!-- wp:paragraph --><\/p>\n<p>IBAN: IT82U0623003229000015442689<\/p>\n<p><!-- \/wp:paragraph --><\/p>\n<p><!-- wp:paragraph --><\/p>\n<p>Au nom de : Simplice Abel TOLIARISOA<\/p>\n<p><!-- \/wp:paragraph --><\/p>\n<p><!-- wp:paragraph --><\/p>\n<p>COD. B.I.C.: CRPPIT2PXXX<\/p>\n<p><!-- \/wp:paragraph --><\/p>\n<p><!-- wp:paragraph --><\/p>\n<p>L&rsquo;ONG AGAP\u00c8 MADAGASCAR VOUS SOUHAITE \u00ab\u00a0BIENVENUS DANS NONTRE SITE WEB\u00a0\u00bb, VEUILLEZ DECOUVRIR QUI SOMMES-NOUS, QU&rsquo;EST CE QUE NOUS FAISONS, QUEL EST NOTRS OBJECTIF ET QUELS SONT NOS ACTIVITES ET PROJETS.<\/p>\n<p><!-- \/wp:paragraph --><\/p>","protected":false},"excerpt":{"rendered":"<p>LA MAISON DE LA PROVIDENCE : CENTRE DE FORMATION PROFESSIONNEL ET MULTISERVICE : +261 38 60 008 39 (Telma)\/+261 32 45 255 19 (orange +WhatsApp) ;&nbsp;ongagapemad@gmail.com&nbsp; ADRESSE : Lot: 3604\/012C\/ K6 Andraitoa Bateravola, Fianarantsoa, MADAGASCAR, 301 R\u00c9F\u00c9RENCE\/ NIF : Arr\u00eat\u00e9 d\u2019Agr\u00e9ment N\u00b0 01\/23-GOUV\/AMM\/ONG, Immatriculation N\u00b0 01\/23\/IMM du 03 Avril 2023, NIF: 500548342-STAT: 94111222021000109 CONTACTS: :+261 [&hellip;]<\/p>\n","protected":false},"author":1,"featured_media":0,"parent":0,"menu_order":0,"comment_status":"closed","ping_status":"closed","template":"","meta":{"footnotes":""},"class_list":["post-104","page","type-page","status-publish","hentry"],"_links":{"self":[{"href":"https:\/\/ongagapemadag.net\/index.php\/wp-json\/wp\/v2\/pages\/104","targetHints":{"allow":["GET"]}}],"collection":[{"href":"https:\/\/ongagapemadag.net\/index.php\/wp-json\/wp\/v2\/pages"}],"about":[{"href":"https:\/\/ongagapemadag.net\/index.php\/wp-json\/wp\/v2\/types\/page"}],"author":[{"embeddable":true,"href":"https:\/\/ongagapemadag.net\/index.php\/wp-json\/wp\/v2\/users\/1"}],"replies":[{"embeddable":true,"href":"https:\/\/ongagapemadag.net\/index.php\/wp-json\/wp\/v2\/comments?post=104"}],"version-history":[{"count":13,"href":"https:\/\/ongagapemadag.net\/index.php\/wp-json\/wp\/v2\/pages\/104\/revisions"}],"predecessor-version":[{"id":438,"href":"https:\/\/ongagapemadag.net\/index.php\/wp-json\/wp\/v2\/pages\/104\/revisions\/438"}],"wp:attachment":[{"href":"https:\/\/ongagapemadag.net\/index.php\/wp-json\/wp\/v2\/media?parent=104"}],"curies":[{"name":"wp","href":"https:\/\/api.w.org\/{rel}","templated":true}]}}