{"id":2,"date":"2025-04-05T00:16:16","date_gmt":"2025-04-04T22:16:16","guid":{"rendered":"https:\/\/ongagapemadag.net\/?page_id=2"},"modified":"2026-01-27T20:54:11","modified_gmt":"2026-01-27T19:54:11","slug":"accueil","status":"publish","type":"page","link":"https:\/\/ongagapemadag.net\/index.php\/accueil\/","title":{"rendered":"Accueil"},"content":{"rendered":"\n<p>L&rsquo;A.G.A.P.\u00c8 est une ONG cr\u00e9\u00e9e par tous ceux qui ont de la bonne volont\u00e9, de l&rsquo;amour pour le prochain. AGAP\u00c8 est un mot grec qui signifie \u00ab\u00a0l&rsquo;amour qui surmonte toute forme d&rsquo;\u00e9go\u00efsme, c&rsquo;est l&rsquo;amour d\u00e9sint\u00e9ress\u00e9 pour le soin des autres\u00a0\u00bb. L\u2019Amour Agap\u00e8 chasse la jalousie, le ressentiment, la fermeture en soi, la haine, et pense toujours au bien de l&rsquo;autre. L&rsquo;amour Agap\u00e8 veut toujours le bien de l&rsquo;autre : il donne sans retour, et heureux quand il voit le voisin honor\u00e9 et chanceux. L\u2019Amour Agap\u00e8 pousse les gens \u00e0 faire n&rsquo;importe quel travail caritatif, dans le partage mutuel de tout bien et de toute gr\u00e2ce re\u00e7us.<\/p>\n\n\n\n<figure class=\"wp-block-video\"><video height=\"480\" style=\"aspect-ratio: 854 \/ 480;\" width=\"854\" controls src=\"https:\/\/ongagapemadag.net\/wp-content\/uploads\/2024\/04\/fitia-agape-ndriana-ramamonjy-instrumentale.mp4\"><\/video><\/figure>\n\n\n\n<figure class=\"wp-block-image size-full\"><img loading=\"lazy\" decoding=\"async\" width=\"720\" height=\"574\" src=\"https:\/\/ongagapemadag.net\/wp-content\/uploads\/2024\/04\/grika-agape.jpg\" alt=\"\" class=\"wp-image-148\" srcset=\"https:\/\/ongagapemadag.net\/wp-content\/uploads\/2024\/04\/grika-agape.jpg 720w, https:\/\/ongagapemadag.net\/wp-content\/uploads\/2024\/04\/grika-agape-300x239.jpg 300w\" sizes=\"auto, (max-width: 720px) 100vw, 720px\" \/><\/figure>\n\n\n\n<figure class=\"wp-block-image size-large\"><img loading=\"lazy\" decoding=\"async\" width=\"633\" height=\"1024\" src=\"https:\/\/ongagapemadag.net\/wp-content\/uploads\/2024\/04\/hevitry-ny-Fitia-Agape-633x1024.jpg\" alt=\"\" class=\"wp-image-149\" srcset=\"https:\/\/ongagapemadag.net\/wp-content\/uploads\/2024\/04\/hevitry-ny-Fitia-Agape-633x1024.jpg 633w, https:\/\/ongagapemadag.net\/wp-content\/uploads\/2024\/04\/hevitry-ny-Fitia-Agape-185x300.jpg 185w, https:\/\/ongagapemadag.net\/wp-content\/uploads\/2024\/04\/hevitry-ny-Fitia-Agape.jpg 720w\" sizes=\"auto, (max-width: 633px) 100vw, 633px\" \/><\/figure>\n\n\n\n<figure class=\"wp-block-image size-full\"><img loading=\"lazy\" decoding=\"async\" width=\"720\" height=\"468\" src=\"https:\/\/ongagapemadag.net\/wp-content\/uploads\/2024\/04\/didy-10-A.jpg\" alt=\"\" class=\"wp-image-150\" srcset=\"https:\/\/ongagapemadag.net\/wp-content\/uploads\/2024\/04\/didy-10-A.jpg 720w, https:\/\/ongagapemadag.net\/wp-content\/uploads\/2024\/04\/didy-10-A-300x195.jpg 300w\" sizes=\"auto, (max-width: 720px) 100vw, 720px\" \/><\/figure>\n\n\n\n<figure class=\"wp-block-image size-full\"><img loading=\"lazy\" decoding=\"async\" width=\"720\" height=\"501\" src=\"https:\/\/ongagapemadag.net\/wp-content\/uploads\/2024\/04\/didy-folo-B.jpg\" alt=\"\" class=\"wp-image-151\" srcset=\"https:\/\/ongagapemadag.net\/wp-content\/uploads\/2024\/04\/didy-folo-B.jpg 720w, https:\/\/ongagapemadag.net\/wp-content\/uploads\/2024\/04\/didy-folo-B-300x209.jpg 300w\" sizes=\"auto, (max-width: 720px) 100vw, 720px\" \/><\/figure>\n\n\n\n<p>L&rsquo;ONG A.G.A.P.\u00c8 est autonome, priv\u00e9e, confessionnelle, mais ouverte \u00e0 tous, pour une collaboration en faveur de tous, en particulier des n\u00e9cessiteux. L&rsquo;ONG a une base la\u00efque mais peut collaborer avec tout le monde : Etat, communes, Dioc\u00e8ses, paroisses, ONGs et groupements priv\u00e9s. Ce qui veut dire que l\u2019ONG se veut \u00eatre internationale.<\/p>\n\n\n\n<p><strong>contacts : <\/strong><\/p>\n\n\n<p style=\"text-align: center;\">ADRESSE: Lot. 3604\/012C\/K6 Andraitoa, Fianarantsoa (301), MADAGASCAR,<\/p>\n<p class=\"MsoNormal\" style=\"text-indent: 0cm; text-align: center;\"><span lang=\"EN-US\" style=\"mso-ansi-language: EN-US;\">Site web ONG A.G.A.P.E. MADAGASCAR : <\/span><a href=\"https:\/\/ongagapemadag.net\"><span lang=\"EN-US\" style=\"mso-ansi-language: EN-US;\">https:\/\/ongagapemadag.net<\/span><\/a><span lang=\"EN-US\" style=\"mso-ansi-language: EN-US;\">\u00a0<\/span><\/p>\n<p style=\"text-align: center;\"><span lang=\"EN-US\" style=\"mso-ansi-language: EN-US;\">Email ONG A.G.A.P.E.<br \/>MADAGASCAR: <\/span><a href=\"mailto:ongagapemad@gmail.com\"><span lang=\"EN-US\" style=\"mso-ansi-language: EN-US;\">ongagapemad@gmail.com<\/span><\/a><span lang=\"EN-US\" style=\"mso-ansi-language: EN-US;\">\u00a0<\/span><\/p>\n<p style=\"text-align: center;\"><!-- \/wp:post-content --><!-- wp:paragraph --><\/p>\n<p style=\"text-align: center;\"><span lang=\"EN-US\" style=\"mso-ansi-language: EN-US;\">Facebook ONG A.G.A.P.E<br \/>MADAGASCAR : https:\/\/www.facebook.com\/share\/v\/1DJhN3SJhB\/\u00a0<\/span><\/p>\n<p style=\"text-align: center;\"><!-- \/wp:paragraph --><\/p>\n<p><span lang=\"EN-US\" style=\"mso-ansi-language: EN-US;\">Tel . (+261)<br \/>38 60 008 39 (Telma)\/ (+261) 32 45 255 19 (orange +WhatsApp)<\/span><\/p>\n<p><!-- wp:paragraph --><\/p>\n<p>LE FONDATEUR DE L&rsquo;ONG AGAPE MADAGASCAR:\u00a0<\/p>\n<p>Simplice Abel TOLIARISOA:\u00a0 abel.toly@gmail.com\u00a0<\/p>\n<p>Cell. (+39) 32 40 54 41 82\u00a0<\/p>\n<p>TONGA SOA- BENVENUTI &#8211; WELCOME- BENVENIDOS-BIENVENUS<\/p>\n<p>L&rsquo;ONG AGAP\u00c8 MADAGASCAR VOUS SOUHAITE \u00ab\u00a0BIENVENUS DANS NONTRE SITE WEB\u00a0\u00bb, VEUILLEZ DECOUVRIR QUI SOMMES-NOUS, QU&rsquo;EST CE QUE NOUS FAISONS, QUEL EST NOTRS OBJECTIF ET QUELS SONT NOS ACTIVITES ET PROJETS.<\/p>\n<p><img loading=\"lazy\" decoding=\"async\" class=\"alignnone size-medium wp-image-246\" src=\"https:\/\/ongagapemadag.net\/wp-content\/uploads\/2025\/04\/distribuzione-cibi-bambibi-5-300x169.jpg\" alt=\"\" width=\"300\" height=\"169\" srcset=\"https:\/\/ongagapemadag.net\/wp-content\/uploads\/2025\/04\/distribuzione-cibi-bambibi-5-300x169.jpg 300w, https:\/\/ongagapemadag.net\/wp-content\/uploads\/2025\/04\/distribuzione-cibi-bambibi-5-1024x576.jpg 1024w, https:\/\/ongagapemadag.net\/wp-content\/uploads\/2025\/04\/distribuzione-cibi-bambibi-5-768x432.jpg 768w, https:\/\/ongagapemadag.net\/wp-content\/uploads\/2025\/04\/distribuzione-cibi-bambibi-5-1200x675.jpg 1200w, https:\/\/ongagapemadag.net\/wp-content\/uploads\/2025\/04\/distribuzione-cibi-bambibi-5.jpg 1280w\" sizes=\"auto, (max-width: 300px) 100vw, 300px\" \/> <img loading=\"lazy\" decoding=\"async\" class=\"alignnone size-medium wp-image-240\" src=\"https:\/\/ongagapemadag.net\/wp-content\/uploads\/2025\/04\/image-4-300x249.png\" alt=\"\" width=\"300\" height=\"249\" srcset=\"https:\/\/ongagapemadag.net\/wp-content\/uploads\/2025\/04\/image-4-300x249.png 300w, https:\/\/ongagapemadag.net\/wp-content\/uploads\/2025\/04\/image-4.png 720w\" sizes=\"auto, (max-width: 300px) 100vw, 300px\" \/><img loading=\"lazy\" decoding=\"async\" class=\"alignnone size-medium wp-image-115\" src=\"https:\/\/ongagapemadag.net\/wp-content\/uploads\/2024\/04\/LOGO-ONG-AGAPE-MD-png-1-300x222.png\" alt=\"\" width=\"300\" height=\"222\" srcset=\"https:\/\/ongagapemadag.net\/wp-content\/uploads\/2024\/04\/LOGO-ONG-AGAPE-MD-png-1-300x222.png 300w, https:\/\/ongagapemadag.net\/wp-content\/uploads\/2024\/04\/LOGO-ONG-AGAPE-MD-png-1.png 663w\" sizes=\"auto, (max-width: 300px) 100vw, 300px\" \/> <img loading=\"lazy\" decoding=\"async\" class=\"alignnone size-medium wp-image-114\" src=\"https:\/\/ongagapemadag.net\/wp-content\/uploads\/2024\/04\/FOTO-MPIANATRA-300x169.jpg\" alt=\"\" width=\"300\" height=\"169\" srcset=\"https:\/\/ongagapemadag.net\/wp-content\/uploads\/2024\/04\/FOTO-MPIANATRA-300x169.jpg 300w, https:\/\/ongagapemadag.net\/wp-content\/uploads\/2024\/04\/FOTO-MPIANATRA-768x433.jpg 768w, https:\/\/ongagapemadag.net\/wp-content\/uploads\/2024\/04\/FOTO-MPIANATRA.jpg 816w\" sizes=\"auto, (max-width: 300px) 100vw, 300px\" \/> <img loading=\"lazy\" decoding=\"async\" class=\"alignnone size-medium wp-image-218\" src=\"https:\/\/ongagapemadag.net\/wp-content\/uploads\/2025\/04\/FOTO-GUITARE-268x300.jpg\" alt=\"\" width=\"268\" height=\"300\" srcset=\"https:\/\/ongagapemadag.net\/wp-content\/uploads\/2025\/04\/FOTO-GUITARE-268x300.jpg 268w, https:\/\/ongagapemadag.net\/wp-content\/uploads\/2025\/04\/FOTO-GUITARE.jpg 421w\" sizes=\"auto, (max-width: 268px) 100vw, 268px\" \/><img loading=\"lazy\" decoding=\"async\" class=\"alignnone size-medium wp-image-268\" src=\"https:\/\/ongagapemadag.net\/wp-content\/uploads\/2026\/01\/IMG-20251224-WA0092-300x225.jpg\" alt=\"\" width=\"300\" height=\"225\" srcset=\"https:\/\/ongagapemadag.net\/wp-content\/uploads\/2026\/01\/IMG-20251224-WA0092-300x225.jpg 300w, https:\/\/ongagapemadag.net\/wp-content\/uploads\/2026\/01\/IMG-20251224-WA0092-1024x768.jpg 1024w, https:\/\/ongagapemadag.net\/wp-content\/uploads\/2026\/01\/IMG-20251224-WA0092-768x576.jpg 768w, https:\/\/ongagapemadag.net\/wp-content\/uploads\/2026\/01\/IMG-20251224-WA0092-1200x900.jpg 1200w, https:\/\/ongagapemadag.net\/wp-content\/uploads\/2026\/01\/IMG-20251224-WA0092.jpg 1280w\" sizes=\"auto, (max-width: 300px) 100vw, 300px\" \/> <img loading=\"lazy\" decoding=\"async\" class=\"alignnone size-medium wp-image-269\" src=\"https:\/\/ongagapemadag.net\/wp-content\/uploads\/2026\/01\/IMG-20251224-WA0094-300x225.jpg\" alt=\"\" width=\"300\" height=\"225\" srcset=\"https:\/\/ongagapemadag.net\/wp-content\/uploads\/2026\/01\/IMG-20251224-WA0094-300x225.jpg 300w, https:\/\/ongagapemadag.net\/wp-content\/uploads\/2026\/01\/IMG-20251224-WA0094-1024x768.jpg 1024w, https:\/\/ongagapemadag.net\/wp-content\/uploads\/2026\/01\/IMG-20251224-WA0094-768x576.jpg 768w, https:\/\/ongagapemadag.net\/wp-content\/uploads\/2026\/01\/IMG-20251224-WA0094-1200x900.jpg 1200w, https:\/\/ongagapemadag.net\/wp-content\/uploads\/2026\/01\/IMG-20251224-WA0094.jpg 1280w\" sizes=\"auto, (max-width: 300px) 100vw, 300px\" \/> <img loading=\"lazy\" decoding=\"async\" class=\"alignnone size-medium wp-image-270\" src=\"https:\/\/ongagapemadag.net\/wp-content\/uploads\/2026\/01\/IMG-20251224-WA0095-300x225.jpg\" alt=\"\" width=\"300\" height=\"225\" srcset=\"https:\/\/ongagapemadag.net\/wp-content\/uploads\/2026\/01\/IMG-20251224-WA0095-300x225.jpg 300w, https:\/\/ongagapemadag.net\/wp-content\/uploads\/2026\/01\/IMG-20251224-WA0095-1024x768.jpg 1024w, https:\/\/ongagapemadag.net\/wp-content\/uploads\/2026\/01\/IMG-20251224-WA0095-768x576.jpg 768w, https:\/\/ongagapemadag.net\/wp-content\/uploads\/2026\/01\/IMG-20251224-WA0095-1200x900.jpg 1200w, https:\/\/ongagapemadag.net\/wp-content\/uploads\/2026\/01\/IMG-20251224-WA0095.jpg 1280w\" sizes=\"auto, (max-width: 300px) 100vw, 300px\" \/><img loading=\"lazy\" decoding=\"async\" class=\"alignnone size-medium wp-image-271\" src=\"https:\/\/ongagapemadag.net\/wp-content\/uploads\/2026\/01\/CENA-DI-BENEFICENZA-2025-300x169.jpeg\" alt=\"\" width=\"300\" height=\"169\" srcset=\"https:\/\/ongagapemadag.net\/wp-content\/uploads\/2026\/01\/CENA-DI-BENEFICENZA-2025-300x169.jpeg 300w, https:\/\/ongagapemadag.net\/wp-content\/uploads\/2026\/01\/CENA-DI-BENEFICENZA-2025-1024x576.jpeg 1024w, https:\/\/ongagapemadag.net\/wp-content\/uploads\/2026\/01\/CENA-DI-BENEFICENZA-2025-768x432.jpeg 768w, https:\/\/ongagapemadag.net\/wp-content\/uploads\/2026\/01\/CENA-DI-BENEFICENZA-2025-1536x864.jpeg 1536w, https:\/\/ongagapemadag.net\/wp-content\/uploads\/2026\/01\/CENA-DI-BENEFICENZA-2025-1200x675.jpeg 1200w, https:\/\/ongagapemadag.net\/wp-content\/uploads\/2026\/01\/CENA-DI-BENEFICENZA-2025.jpeg 1600w\" sizes=\"auto, (max-width: 300px) 100vw, 300px\" \/> <img loading=\"lazy\" decoding=\"async\" class=\"alignnone size-medium wp-image-272\" src=\"https:\/\/ongagapemadag.net\/wp-content\/uploads\/2026\/01\/CENTRE-DE-FORMATION-AGAPE--300x225.jpeg\" alt=\"\" width=\"300\" height=\"225\" srcset=\"https:\/\/ongagapemadag.net\/wp-content\/uploads\/2026\/01\/CENTRE-DE-FORMATION-AGAPE--300x225.jpeg 300w, https:\/\/ongagapemadag.net\/wp-content\/uploads\/2026\/01\/CENTRE-DE-FORMATION-AGAPE--1024x768.jpeg 1024w, https:\/\/ongagapemadag.net\/wp-content\/uploads\/2026\/01\/CENTRE-DE-FORMATION-AGAPE--768x576.jpeg 768w, https:\/\/ongagapemadag.net\/wp-content\/uploads\/2026\/01\/CENTRE-DE-FORMATION-AGAPE--1536x1152.jpeg 1536w, https:\/\/ongagapemadag.net\/wp-content\/uploads\/2026\/01\/CENTRE-DE-FORMATION-AGAPE--1200x900.jpeg 1200w, https:\/\/ongagapemadag.net\/wp-content\/uploads\/2026\/01\/CENTRE-DE-FORMATION-AGAPE-.jpeg 1600w\" sizes=\"auto, (max-width: 300px) 100vw, 300px\" \/> <img loading=\"lazy\" decoding=\"async\" class=\"alignnone size-medium wp-image-273\" src=\"https:\/\/ongagapemadag.net\/wp-content\/uploads\/2026\/01\/LIBRO-DI-PREG-225x300.jpeg\" alt=\"\" width=\"225\" height=\"300\" srcset=\"https:\/\/ongagapemadag.net\/wp-content\/uploads\/2026\/01\/LIBRO-DI-PREG-225x300.jpeg 225w, https:\/\/ongagapemadag.net\/wp-content\/uploads\/2026\/01\/LIBRO-DI-PREG-768x1024.jpeg 768w, https:\/\/ongagapemadag.net\/wp-content\/uploads\/2026\/01\/LIBRO-DI-PREG-1152x1536.jpeg 1152w, https:\/\/ongagapemadag.net\/wp-content\/uploads\/2026\/01\/LIBRO-DI-PREG.jpeg 1199w\" sizes=\"auto, (max-width: 225px) 100vw, 225px\" \/> <img loading=\"lazy\" decoding=\"async\" class=\"alignnone size-medium wp-image-274\" src=\"https:\/\/ongagapemadag.net\/wp-content\/uploads\/2026\/01\/MANIFESTAZ-S-GIUSEP-300x225.jpeg\" alt=\"\" width=\"300\" height=\"225\" srcset=\"https:\/\/ongagapemadag.net\/wp-content\/uploads\/2026\/01\/MANIFESTAZ-S-GIUSEP-300x225.jpeg 300w, https:\/\/ongagapemadag.net\/wp-content\/uploads\/2026\/01\/MANIFESTAZ-S-GIUSEP-1024x768.jpeg 1024w, https:\/\/ongagapemadag.net\/wp-content\/uploads\/2026\/01\/MANIFESTAZ-S-GIUSEP-768x576.jpeg 768w, https:\/\/ongagapemadag.net\/wp-content\/uploads\/2026\/01\/MANIFESTAZ-S-GIUSEP-1536x1152.jpeg 1536w, https:\/\/ongagapemadag.net\/wp-content\/uploads\/2026\/01\/MANIFESTAZ-S-GIUSEP-1200x900.jpeg 1200w, https:\/\/ongagapemadag.net\/wp-content\/uploads\/2026\/01\/MANIFESTAZ-S-GIUSEP.jpeg 1600w\" sizes=\"auto, (max-width: 300px) 100vw, 300px\" \/> <img loading=\"lazy\" decoding=\"async\" class=\"alignnone size-medium wp-image-275\" src=\"https:\/\/ongagapemadag.net\/wp-content\/uploads\/2026\/01\/MANIFESTAZ-S-GIUSEPPE-3-300x213.jpeg\" alt=\"\" width=\"300\" height=\"213\" srcset=\"https:\/\/ongagapemadag.net\/wp-content\/uploads\/2026\/01\/MANIFESTAZ-S-GIUSEPPE-3-300x213.jpeg 300w, https:\/\/ongagapemadag.net\/wp-content\/uploads\/2026\/01\/MANIFESTAZ-S-GIUSEPPE-3.jpeg 720w\" sizes=\"auto, (max-width: 300px) 100vw, 300px\" \/> <img loading=\"lazy\" decoding=\"async\" class=\"alignnone size-medium wp-image-276\" src=\"https:\/\/ongagapemadag.net\/wp-content\/uploads\/2026\/01\/MUCSIC-GUITERE-AGAPE-300x225.jpeg\" alt=\"\" width=\"300\" height=\"225\" srcset=\"https:\/\/ongagapemadag.net\/wp-content\/uploads\/2026\/01\/MUCSIC-GUITERE-AGAPE-300x225.jpeg 300w, https:\/\/ongagapemadag.net\/wp-content\/uploads\/2026\/01\/MUCSIC-GUITERE-AGAPE.jpeg 720w\" sizes=\"auto, (max-width: 300px) 100vw, 300px\" \/> <img loading=\"lazy\" decoding=\"async\" class=\"alignnone size-medium wp-image-277\" src=\"https:\/\/ongagapemadag.net\/wp-content\/uploads\/2026\/01\/MUSIC-CLAVIER-AGAPE-300x225.jpeg\" alt=\"\" width=\"300\" height=\"225\" srcset=\"https:\/\/ongagapemadag.net\/wp-content\/uploads\/2026\/01\/MUSIC-CLAVIER-AGAPE-300x225.jpeg 300w, https:\/\/ongagapemadag.net\/wp-content\/uploads\/2026\/01\/MUSIC-CLAVIER-AGAPE.jpeg 720w\" sizes=\"auto, (max-width: 300px) 100vw, 300px\" \/> <img loading=\"lazy\" decoding=\"async\" class=\"alignnone size-medium wp-image-278\" src=\"https:\/\/ongagapemadag.net\/wp-content\/uploads\/2026\/01\/PROMO-SANTATRA-CENTRE-AG-300x225.jpeg\" alt=\"\" width=\"300\" height=\"225\" srcset=\"https:\/\/ongagapemadag.net\/wp-content\/uploads\/2026\/01\/PROMO-SANTATRA-CENTRE-AG-300x225.jpeg 300w, https:\/\/ongagapemadag.net\/wp-content\/uploads\/2026\/01\/PROMO-SANTATRA-CENTRE-AG-1024x768.jpeg 1024w, https:\/\/ongagapemadag.net\/wp-content\/uploads\/2026\/01\/PROMO-SANTATRA-CENTRE-AG-768x576.jpeg 768w, https:\/\/ongagapemadag.net\/wp-content\/uploads\/2026\/01\/PROMO-SANTATRA-CENTRE-AG-1536x1152.jpeg 1536w, https:\/\/ongagapemadag.net\/wp-content\/uploads\/2026\/01\/PROMO-SANTATRA-CENTRE-AG-1200x900.jpeg 1200w, https:\/\/ongagapemadag.net\/wp-content\/uploads\/2026\/01\/PROMO-SANTATRA-CENTRE-AG.jpeg 1600w\" sizes=\"auto, (max-width: 300px) 100vw, 300px\" \/> <img loading=\"lazy\" decoding=\"async\" class=\"alignnone size-medium wp-image-279\" src=\"https:\/\/ongagapemadag.net\/wp-content\/uploads\/2026\/01\/PROMO-SANTATRA-CENTRE-225x300.jpeg\" alt=\"\" width=\"225\" height=\"300\" srcset=\"https:\/\/ongagapemadag.net\/wp-content\/uploads\/2026\/01\/PROMO-SANTATRA-CENTRE-225x300.jpeg 225w, https:\/\/ongagapemadag.net\/wp-content\/uploads\/2026\/01\/PROMO-SANTATRA-CENTRE-768x1024.jpeg 768w, https:\/\/ongagapemadag.net\/wp-content\/uploads\/2026\/01\/PROMO-SANTATRA-CENTRE-1152x1536.jpeg 1152w, https:\/\/ongagapemadag.net\/wp-content\/uploads\/2026\/01\/PROMO-SANTATRA-CENTRE.jpeg 1200w\" sizes=\"auto, (max-width: 225px) 100vw, 225px\" \/> <img loading=\"lazy\" decoding=\"async\" class=\"alignnone size-medium wp-image-280\" src=\"https:\/\/ongagapemadag.net\/wp-content\/uploads\/2026\/01\/PROMO-SNTATRA-CENTRE-AGAPE-300x225.jpeg\" alt=\"\" width=\"300\" height=\"225\" srcset=\"https:\/\/ongagapemadag.net\/wp-content\/uploads\/2026\/01\/PROMO-SNTATRA-CENTRE-AGAPE-300x225.jpeg 300w, https:\/\/ongagapemadag.net\/wp-content\/uploads\/2026\/01\/PROMO-SNTATRA-CENTRE-AGAPE-1024x768.jpeg 1024w, https:\/\/ongagapemadag.net\/wp-content\/uploads\/2026\/01\/PROMO-SNTATRA-CENTRE-AGAPE-768x576.jpeg 768w, https:\/\/ongagapemadag.net\/wp-content\/uploads\/2026\/01\/PROMO-SNTATRA-CENTRE-AGAPE-1536x1152.jpeg 1536w, https:\/\/ongagapemadag.net\/wp-content\/uploads\/2026\/01\/PROMO-SNTATRA-CENTRE-AGAPE-1200x900.jpeg 1200w, https:\/\/ongagapemadag.net\/wp-content\/uploads\/2026\/01\/PROMO-SNTATRA-CENTRE-AGAPE.jpeg 1600w\" sizes=\"auto, (max-width: 300px) 100vw, 300px\" \/><\/p>\n<div style=\"width: 478px;\" class=\"wp-video\"><video class=\"wp-video-shortcode\" id=\"video-2-1\" width=\"478\" height=\"850\" preload=\"metadata\" controls=\"controls\"><source type=\"video\/mp4\" src=\"https:\/\/ongagapemadag.net\/wp-content\/uploads\/2026\/01\/MOTEUR-POZZO.mp4?_=1\" \/><a href=\"https:\/\/ongagapemadag.net\/wp-content\/uploads\/2026\/01\/MOTEUR-POZZO.mp4\">https:\/\/ongagapemadag.net\/wp-content\/uploads\/2026\/01\/MOTEUR-POZZO.mp4<\/a><\/video><\/div>\n<p><img loading=\"lazy\" decoding=\"async\" class=\"alignnone size-medium wp-image-283\" src=\"https:\/\/ongagapemadag.net\/wp-content\/uploads\/2026\/01\/RECINTO-CASA-AGAPE-2-300x225.jpeg\" alt=\"\" width=\"300\" height=\"225\" srcset=\"https:\/\/ongagapemadag.net\/wp-content\/uploads\/2026\/01\/RECINTO-CASA-AGAPE-2-300x225.jpeg 300w, https:\/\/ongagapemadag.net\/wp-content\/uploads\/2026\/01\/RECINTO-CASA-AGAPE-2-768x576.jpeg 768w, https:\/\/ongagapemadag.net\/wp-content\/uploads\/2026\/01\/RECINTO-CASA-AGAPE-2.jpeg 960w\" sizes=\"auto, (max-width: 300px) 100vw, 300px\" \/> <img loading=\"lazy\" decoding=\"async\" class=\"alignnone size-medium wp-image-284\" src=\"https:\/\/ongagapemadag.net\/wp-content\/uploads\/2026\/01\/S-GIUSEP-300x300.jpeg\" alt=\"\" width=\"300\" height=\"300\" srcset=\"https:\/\/ongagapemadag.net\/wp-content\/uploads\/2026\/01\/S-GIUSEP-300x300.jpeg 300w, https:\/\/ongagapemadag.net\/wp-content\/uploads\/2026\/01\/S-GIUSEP-150x150.jpeg 150w, https:\/\/ongagapemadag.net\/wp-content\/uploads\/2026\/01\/S-GIUSEP.jpeg 364w\" sizes=\"auto, (max-width: 300px) 100vw, 300px\" \/> <img loading=\"lazy\" decoding=\"async\" class=\"alignnone size-medium wp-image-285\" src=\"https:\/\/ongagapemadag.net\/wp-content\/uploads\/2026\/01\/WhatsApp-Image-2026-01-27-at-08.57.40-300x146.jpeg\" alt=\"\" width=\"300\" height=\"146\" srcset=\"https:\/\/ongagapemadag.net\/wp-content\/uploads\/2026\/01\/WhatsApp-Image-2026-01-27-at-08.57.40-300x146.jpeg 300w, https:\/\/ongagapemadag.net\/wp-content\/uploads\/2026\/01\/WhatsApp-Image-2026-01-27-at-08.57.40-1024x498.jpeg 1024w, https:\/\/ongagapemadag.net\/wp-content\/uploads\/2026\/01\/WhatsApp-Image-2026-01-27-at-08.57.40-768x373.jpeg 768w, https:\/\/ongagapemadag.net\/wp-content\/uploads\/2026\/01\/WhatsApp-Image-2026-01-27-at-08.57.40-1200x583.jpeg 1200w, https:\/\/ongagapemadag.net\/wp-content\/uploads\/2026\/01\/WhatsApp-Image-2026-01-27-at-08.57.40.jpeg 1280w\" sizes=\"auto, (max-width: 300px) 100vw, 300px\" \/> <img loading=\"lazy\" decoding=\"async\" class=\"alignnone size-medium wp-image-286\" src=\"https:\/\/ongagapemadag.net\/wp-content\/uploads\/2026\/01\/WhatsApp-Image-2026-01-27-at-08.57.41-135x300.jpeg\" alt=\"\" width=\"135\" height=\"300\" srcset=\"https:\/\/ongagapemadag.net\/wp-content\/uploads\/2026\/01\/WhatsApp-Image-2026-01-27-at-08.57.41-135x300.jpeg 135w, https:\/\/ongagapemadag.net\/wp-content\/uploads\/2026\/01\/WhatsApp-Image-2026-01-27-at-08.57.41-461x1024.jpeg 461w, https:\/\/ongagapemadag.net\/wp-content\/uploads\/2026\/01\/WhatsApp-Image-2026-01-27-at-08.57.41.jpeg 468w\" sizes=\"auto, (max-width: 135px) 100vw, 135px\" \/> <img loading=\"lazy\" decoding=\"async\" class=\"alignnone size-medium wp-image-287\" src=\"https:\/\/ongagapemadag.net\/wp-content\/uploads\/2026\/01\/WhatsApp-Image-2026-01-27-at-08.58.39-135x300.jpeg\" alt=\"\" width=\"135\" height=\"300\" srcset=\"https:\/\/ongagapemadag.net\/wp-content\/uploads\/2026\/01\/WhatsApp-Image-2026-01-27-at-08.58.39-135x300.jpeg 135w, https:\/\/ongagapemadag.net\/wp-content\/uploads\/2026\/01\/WhatsApp-Image-2026-01-27-at-08.58.39-461x1024.jpeg 461w, https:\/\/ongagapemadag.net\/wp-content\/uploads\/2026\/01\/WhatsApp-Image-2026-01-27-at-08.58.39.jpeg 468w\" sizes=\"auto, (max-width: 135px) 100vw, 135px\" \/> <img loading=\"lazy\" decoding=\"async\" class=\"alignnone size-medium wp-image-288\" src=\"https:\/\/ongagapemadag.net\/wp-content\/uploads\/2026\/01\/WhatsApp-Image-2026-01-27-at-09.02.01-300x225.jpeg\" alt=\"\" width=\"300\" height=\"225\" srcset=\"https:\/\/ongagapemadag.net\/wp-content\/uploads\/2026\/01\/WhatsApp-Image-2026-01-27-at-09.02.01-300x225.jpeg 300w, https:\/\/ongagapemadag.net\/wp-content\/uploads\/2026\/01\/WhatsApp-Image-2026-01-27-at-09.02.01-768x576.jpeg 768w, https:\/\/ongagapemadag.net\/wp-content\/uploads\/2026\/01\/WhatsApp-Image-2026-01-27-at-09.02.01.jpeg 960w\" sizes=\"auto, (max-width: 300px) 100vw, 300px\" \/> <img loading=\"lazy\" decoding=\"async\" class=\"alignnone size-medium wp-image-289\" src=\"https:\/\/ongagapemadag.net\/wp-content\/uploads\/2026\/01\/WhatsApp-Image-2026-01-27-at-09.19.11-218x300.jpeg\" alt=\"\" width=\"218\" height=\"300\" srcset=\"https:\/\/ongagapemadag.net\/wp-content\/uploads\/2026\/01\/WhatsApp-Image-2026-01-27-at-09.19.11-218x300.jpeg 218w, https:\/\/ongagapemadag.net\/wp-content\/uploads\/2026\/01\/WhatsApp-Image-2026-01-27-at-09.19.11.jpeg 623w\" sizes=\"auto, (max-width: 218px) 100vw, 218px\" \/> <img loading=\"lazy\" decoding=\"async\" class=\"alignnone size-medium wp-image-290\" src=\"https:\/\/ongagapemadag.net\/wp-content\/uploads\/2026\/01\/WhatsApp-Image-2026-01-27-at-09.19.14-300x172.jpeg\" alt=\"\" width=\"300\" height=\"172\" srcset=\"https:\/\/ongagapemadag.net\/wp-content\/uploads\/2026\/01\/WhatsApp-Image-2026-01-27-at-09.19.14-300x172.jpeg 300w, https:\/\/ongagapemadag.net\/wp-content\/uploads\/2026\/01\/WhatsApp-Image-2026-01-27-at-09.19.14.jpeg 720w\" sizes=\"auto, (max-width: 300px) 100vw, 300px\" \/><\/p>\n<p><!-- \/wp:paragraph --><\/p>","protected":false},"excerpt":{"rendered":"<p>L&rsquo;A.G.A.P.\u00c8 est une ONG cr\u00e9\u00e9e par tous ceux qui ont de la bonne volont\u00e9, de l&rsquo;amour pour le prochain. AGAP\u00c8 est un mot grec qui signifie \u00ab\u00a0l&rsquo;amour qui surmonte toute forme d&rsquo;\u00e9go\u00efsme, c&rsquo;est l&rsquo;amour d\u00e9sint\u00e9ress\u00e9 pour le soin des autres\u00a0\u00bb. L\u2019Amour Agap\u00e8 chasse la jalousie, le ressentiment, la fermeture en soi, la haine, et pense [&hellip;]<\/p>\n","protected":false},"author":1,"featured_media":0,"parent":0,"menu_order":0,"comment_status":"closed","ping_status":"closed","template":"templates\/template-full-width.php","meta":{"footnotes":""},"class_list":["post-2","page","type-page","status-publish","hentry"],"_links":{"self":[{"href":"https:\/\/ongagapemadag.net\/index.php\/wp-json\/wp\/v2\/pages\/2","targetHints":{"allow":["GET"]}}],"collection":[{"href":"https:\/\/ongagapemadag.net\/index.php\/wp-json\/wp\/v2\/pages"}],"about":[{"href":"https:\/\/ongagapemadag.net\/index.php\/wp-json\/wp\/v2\/types\/page"}],"author":[{"embeddable":true,"href":"https:\/\/ongagapemadag.net\/index.php\/wp-json\/wp\/v2\/users\/1"}],"replies":[{"embeddable":true,"href":"https:\/\/ongagapemadag.net\/index.php\/wp-json\/wp\/v2\/comments?post=2"}],"version-history":[{"count":11,"href":"https:\/\/ongagapemadag.net\/index.php\/wp-json\/wp\/v2\/pages\/2\/revisions"}],"predecessor-version":[{"id":292,"href":"https:\/\/ongagapemadag.net\/index.php\/wp-json\/wp\/v2\/pages\/2\/revisions\/292"}],"wp:attachment":[{"href":"https:\/\/ongagapemadag.net\/index.php\/wp-json\/wp\/v2\/media?parent=2"}],"curies":[{"name":"wp","href":"https:\/\/api.w.org\/{rel}","templated":true}]}}