{"id":23,"date":"2023-05-15T17:53:20","date_gmt":"2023-05-15T15:53:20","guid":{"rendered":"https:\/\/ongagapemadag.net\/?page_id=23"},"modified":"2026-03-12T23:24:36","modified_gmt":"2026-03-12T22:24:36","slug":"contact","status":"publish","type":"page","link":"https:\/\/ongagapemadag.net\/index.php\/contact\/","title":{"rendered":"Contact"},"content":{"rendered":"\n<p>ONG AGAPE MADAGASCAR<\/p>\n\n\n\n<figure class=\"wp-block-image size-large\"><img loading=\"lazy\" decoding=\"async\" width=\"1024\" height=\"768\" src=\"https:\/\/ongagapemadag.net\/wp-content\/uploads\/2026\/01\/WhatsApp-Image-2026-01-27-at-08.57.36-2-1024x768.jpeg\" alt=\"\" class=\"wp-image-372\" srcset=\"https:\/\/ongagapemadag.net\/wp-content\/uploads\/2026\/01\/WhatsApp-Image-2026-01-27-at-08.57.36-2-1024x768.jpeg 1024w, https:\/\/ongagapemadag.net\/wp-content\/uploads\/2026\/01\/WhatsApp-Image-2026-01-27-at-08.57.36-2-300x225.jpeg 300w, https:\/\/ongagapemadag.net\/wp-content\/uploads\/2026\/01\/WhatsApp-Image-2026-01-27-at-08.57.36-2-768x576.jpeg 768w, https:\/\/ongagapemadag.net\/wp-content\/uploads\/2026\/01\/WhatsApp-Image-2026-01-27-at-08.57.36-2-1536x1152.jpeg 1536w, https:\/\/ongagapemadag.net\/wp-content\/uploads\/2026\/01\/WhatsApp-Image-2026-01-27-at-08.57.36-2-1200x900.jpeg 1200w, https:\/\/ongagapemadag.net\/wp-content\/uploads\/2026\/01\/WhatsApp-Image-2026-01-27-at-08.57.36-2.jpeg 1600w\" sizes=\"auto, (max-width: 1024px) 100vw, 1024px\" \/><\/figure>\n\n\n\n<p><strong>ADRESSE <\/strong>:<\/p>\n\n\n\n<p>Lot: 3604\/012C\/ K6 Andraitoa Bateravola, Fianarantsoa, MADAGASCAR, 301<\/p>\n\n\n\n<p>R\u00c9F\u00c9RENCE NIF : Arr\u00eat\u00e9 d\u2019Agr\u00e9ment N\u00b0 01\/23-GOUV\/AMM\/ONG, Immatriculation N\u00b0 01\/23\/IMM du 03 Avril 2023, NIF: 500548342-STAT: 94111222021000109<\/p>\n\n\n\n<p>Italie (FONDATEUR) SIMPLICE ABEL TOLIARISOA<\/p>\n\n\n\n<p>Tel.: (+39) 3240544182 \/ EMAIL: <a href=\"mailto:abel.toly@gmail.com\">abel.toly@gmail.com<\/a>&nbsp;<\/p>\n\n\n\n<p>ONG AGAPE MADAGASCAR, Telephone: +261 38 60 008 39 (Telma)\/+261 32 45 255 19 (orange +WhatsApp)<\/p>\n\n\n\n<p>COORDONN\u00c9ES BANCAIRES DE L&rsquo;ONG AGAPE MADAGASCAR<\/p>\n\n\n\n<p>Conto corrente, IBAN:MG4600008003400500401287140<\/p>\n\n\n\n<p>BANQUE: BRED &#8211; Banque populaire,  MADAGASCAR<\/p>\n\n\n\n<p>AU NOM DE : <strong>A<\/strong>mour pour la <strong>G<\/strong>arantie de l\u2019<strong>A<\/strong>venir des <strong>P<\/strong>articipants <strong>E<\/strong>veill\u00e9s<\/p>\n\n\n\n<p>CODE BIC (Bank identifier Code) : BFAVMGMGXXX<\/p>\n\n\n\n<p>&#8212;&#8212;&#8212;&#8212;&#8212;&#8212;&#8212;&#8212;&#8212;&#8212;&#8212;&#8212;&#8212;&#8212;&#8212;&#8212;&#8212;&#8212;&#8212;<\/p>\n\n\n\n<p><strong>COMPTE BANCAIRE ALTERNATIF:<\/strong><\/p>\n\n\n\n<p>Banque en Italie : CREDIT AGRICOLE<\/p>\n\n\n\n<p>IBAN: IT82U0623003229000015442689<\/p>\n\n\n\n<p>Au nom de : Simplice Abel TOLIARISOA<\/p>\n\n\n\n<p>COD. B.I.C.: CRPPIT2PXXX<\/p>\n","protected":false},"excerpt":{"rendered":"<p>ONG AGAPE MADAGASCAR ADRESSE : Lot: 3604\/012C\/ K6 Andraitoa Bateravola, Fianarantsoa, MADAGASCAR, 301 R\u00c9F\u00c9RENCE NIF : Arr\u00eat\u00e9 d\u2019Agr\u00e9ment N\u00b0 01\/23-GOUV\/AMM\/ONG, Immatriculation N\u00b0 01\/23\/IMM du 03 Avril 2023, NIF: 500548342-STAT: 94111222021000109 Italie (FONDATEUR) SIMPLICE ABEL TOLIARISOA Tel.: (+39) 3240544182 \/ EMAIL: abel.toly@gmail.com&nbsp; ONG AGAPE MADAGASCAR, Telephone: +261 38 60 008 39 (Telma)\/+261 32 45 255 19 [&hellip;]<\/p>\n","protected":false},"author":1,"featured_media":0,"parent":0,"menu_order":0,"comment_status":"closed","ping_status":"closed","template":"","meta":{"footnotes":""},"class_list":["post-23","page","type-page","status-publish","hentry"],"_links":{"self":[{"href":"https:\/\/ongagapemadag.net\/index.php\/wp-json\/wp\/v2\/pages\/23","targetHints":{"allow":["GET"]}}],"collection":[{"href":"https:\/\/ongagapemadag.net\/index.php\/wp-json\/wp\/v2\/pages"}],"about":[{"href":"https:\/\/ongagapemadag.net\/index.php\/wp-json\/wp\/v2\/types\/page"}],"author":[{"embeddable":true,"href":"https:\/\/ongagapemadag.net\/index.php\/wp-json\/wp\/v2\/users\/1"}],"replies":[{"embeddable":true,"href":"https:\/\/ongagapemadag.net\/index.php\/wp-json\/wp\/v2\/comments?post=23"}],"version-history":[{"count":11,"href":"https:\/\/ongagapemadag.net\/index.php\/wp-json\/wp\/v2\/pages\/23\/revisions"}],"predecessor-version":[{"id":439,"href":"https:\/\/ongagapemadag.net\/index.php\/wp-json\/wp\/v2\/pages\/23\/revisions\/439"}],"wp:attachment":[{"href":"https:\/\/ongagapemadag.net\/index.php\/wp-json\/wp\/v2\/media?parent=23"}],"curies":[{"name":"wp","href":"https:\/\/api.w.org\/{rel}","templated":true}]}}