{"id":25,"date":"2023-05-15T17:57:44","date_gmt":"2023-05-15T15:57:44","guid":{"rendered":"https:\/\/ongagapemadag.net\/?page_id=25"},"modified":"2026-03-12T23:21:08","modified_gmt":"2026-03-12T22:21:08","slug":"activites","status":"publish","type":"page","link":"https:\/\/ongagapemadag.net\/index.php\/activites\/","title":{"rendered":"Activit\u00e9s de l&rsquo;ONG"},"content":{"rendered":"\n<h1 class=\"wp-block-heading has-large-font-size\"><strong>AMOUR&nbsp; AGAP\u00c8 EN TANT QUE ASSOCIATION\/ONG AGAPE MADAGASCAR<\/strong><\/h1>\n\n\n\n<p>L&rsquo;A.G.A.P.\u00c8 est une ONG cr\u00e9\u00e9e par tous ceux qui ont de la bonne volont\u00e9, de l&rsquo;amour pour le prochain. AGAP\u00c8 est un mot grec qui signifie \u00ab\u00a0l&rsquo;amour qui surmonte toute forme d&rsquo;\u00e9go\u00efsme, c&rsquo;est l&rsquo;amour d\u00e9sint\u00e9ress\u00e9 pour le soin des autres\u00a0\u00bb. <\/p>\n\n\n\n<figure class=\"wp-block-image size-large\"><img loading=\"lazy\" decoding=\"async\" width=\"1024\" height=\"768\" src=\"https:\/\/ongagapemadag.net\/wp-content\/uploads\/2026\/01\/WhatsApp-Image-2026-01-27-at-08.57.36-1-1024x768.jpeg\" alt=\"\" class=\"wp-image-371\" srcset=\"https:\/\/ongagapemadag.net\/wp-content\/uploads\/2026\/01\/WhatsApp-Image-2026-01-27-at-08.57.36-1-1024x768.jpeg 1024w, https:\/\/ongagapemadag.net\/wp-content\/uploads\/2026\/01\/WhatsApp-Image-2026-01-27-at-08.57.36-1-300x225.jpeg 300w, https:\/\/ongagapemadag.net\/wp-content\/uploads\/2026\/01\/WhatsApp-Image-2026-01-27-at-08.57.36-1-768x576.jpeg 768w, https:\/\/ongagapemadag.net\/wp-content\/uploads\/2026\/01\/WhatsApp-Image-2026-01-27-at-08.57.36-1-1536x1152.jpeg 1536w, https:\/\/ongagapemadag.net\/wp-content\/uploads\/2026\/01\/WhatsApp-Image-2026-01-27-at-08.57.36-1-1200x900.jpeg 1200w, https:\/\/ongagapemadag.net\/wp-content\/uploads\/2026\/01\/WhatsApp-Image-2026-01-27-at-08.57.36-1.jpeg 1600w\" sizes=\"auto, (max-width: 1024px) 100vw, 1024px\" \/><\/figure>\n\n\n\n<h2 class=\"wp-block-heading has-large-font-size\"><strong>OBJECTIFS DE L\u2019ONG A.G.A.P.\u00c8<\/strong> MADAGASCAR <\/h2>\n\n\n\n<ul class=\"wp-block-list\">\n<li>Projets pour le d\u00e9veloppement de la promotion urbaine et rurale<\/li>\n\n\n\n<li>\u0152uvres caritatives et aide aux plus d\u00e9munis et \u00e0 la vie, dans toutes les dimensions (petits, pauvres, malades, marginalis\u00e9s, handicap\u00e9s)<\/li>\n\n\n\n<li>Projets \u00e9ducatifs: fourniture de mat\u00e9riel scolaire et suppl\u00e9mentaire, y compris les frais de scolarit\u00e9.<\/li>\n\n\n\n<li>D\u00e9veloppement du territoire : activit\u00e9s agricoles, commerciales et industrielles.<\/li>\n\n\n\n<li>Promouvoir la protection des cr\u00e9atures, les r\u00e9surrections naturelles et \u00e9cologiques.<\/li>\n\n\n\n<li>Respecter les biens d&rsquo;autrui : ne pas voler et ne pas causer des dommages aux propri\u00e9t\u00e9s d&rsquo;autrui et du prochain\u2026&nbsp;<\/li>\n\n\n\n<li>Prot\u00e9ger&nbsp; l&rsquo;air environnemental commun : \u00e9cologie, plantation d&rsquo;arbres, ne pas br\u00fbler les for\u00eats&nbsp;;<\/li>\n\n\n\n<li>Donner du travail aux jeunes qui n&rsquo;en ont pas, pour \u00e9viter le ch\u00f4mage et les probl\u00e8mes d\u2019ins\u00e9curit\u00e9 sociale&nbsp;;&nbsp;<\/li>\n<\/ul>\n\n\n\n<h2 class=\"wp-block-heading has-large-font-size\"><strong>TITRE DU PROJET&nbsp;POUR CINQ ANS (2023-2027):&nbsp;<\/strong><\/h2>\n\n\n\n<p><strong>\u00ab&nbsp;Appuis et aides aux plus d\u00e9munis, tout particuli\u00e8rement aux enfants et jeunes scolaris\u00e9s en difficult\u00e9,&nbsp; \u00e0 travers des \u0153uvres caritatives&nbsp;\u00bb.<\/strong><\/p>\n\n\n\n<ul class=\"wp-block-list\">\n<li>L&rsquo;Association poursuit, \u00e0 des fins non lucratives, civiques, solidaires et d&rsquo;utilit\u00e9 sociale, par l&rsquo;exercice, exclusivement ou principalement, des activit\u00e9s d&rsquo;int\u00e9r\u00eat g\u00e9n\u00e9ral suivantes:<\/li>\n<\/ul>\n\n\n\n<p><strong>Zone du projet&nbsp;:<\/strong><strong> <\/strong>R\u00e9gion Amoron\u2019i Mania&nbsp;: Districts d\u2019Ambositra,&nbsp; Fandriana, Manandriana et Ambatofinandrahana, Fianarantsoa<\/p>\n\n\n\n<p><strong>Promoteur du projet&nbsp;: <\/strong>l\u2019ONG AGAP\u00c8 MADAGASCAR<\/p>\n\n\n\n<p><strong>Dur\u00e9e du projet<\/strong>&nbsp;: 5 ans (2024 \u00e0 2028)<\/p>\n\n\n\n<h2 class=\"wp-block-heading has-large-font-size\"><strong>ACTIVITES ENVISAGEES POUR L\u2019EXERCICE 2023 A 2027&nbsp;:&nbsp; <\/strong><strong><\/strong><\/h2>\n\n\n\n<ul class=\"wp-block-list\">\n<li>Construction d\u2019une maison d\u2019accueil, de soins, d\u2019\u00e9ducation, de formations et de cantine&#8230; pour les enfants et jeunes scolaris\u00e9s en difficult\u00e9&nbsp;;<\/li>\n\n\n\n<li>Ferme&nbsp;: \u00e9levage de plus de 500 poulets de chair tous les 20 jours&nbsp;;<\/li>\n\n\n\n<li>Atelier de savonnerie&nbsp;: savon dure, savon liquide, poudre de savon, shampoing, masque pour cheveux, cr\u00e8me coiffante, liquide vaisselle&#8230;<\/li>\n\n\n\n<li>Cours de langues&nbsp;: italien, fran\u00e7ais, anglais<\/li>\n\n\n\n<li>Cours&nbsp; de musique&nbsp;: guitare et piano&nbsp;<\/li>\n\n\n\n<li>Cyber multi-service<\/li>\n\n\n\n<li>Cultures vivri\u00e8res&nbsp;: haricot, arachide, ma\u00efs, pois de terre, soja, pomme de terre, manioc, patate douce \u2026<\/li>\n\n\n\n<li>Agroforesterie&nbsp;: p\u00e9pini\u00e8re, arbres fruitiers (papaye, orange, mangue, letchi, avocat, p\u00e8che, kaki, banane, ananas \u2026)<\/li>\n<\/ul>\n\n\n\n<ul class=\"wp-block-list\">\n<li>Culture de rente&nbsp;: caf\u00e9<\/li>\n\n\n\n<li>Collecte de riz&nbsp;<\/li>\n\n\n\n<li>Le droit d&rsquo;inscription et d&rsquo;adh\u00e9sion des membres de l\u2019ONG, qui se renouvelle chaque ann\u00e9e&nbsp;;<\/li>\n\n\n\n<li>Les cours de langues \u00e9trang\u00e8res&nbsp;: italien, anglais et&nbsp; fran\u00e7ais&nbsp;;<\/li>\n\n\n\n<li>Les cours de musique&nbsp;: guitare et piano forte&nbsp;<\/li>\n\n\n\n<li>Les ventes d&rsquo;articles : T-shirts, articles pour les besoins quotidiens, offres et dons&#8230;<\/li>\n\n\n\n<li>La ferme (\u00e9levage de plus de 250 poulets de chair tous les 20 jours)<\/li>\n\n\n\n<li>L\u2019atelier de savonnerie (savon dure, savon liquide, poudre de savon, shampoing, masque pour cheveux, cr\u00e8me coiffante, liquide vaisselle&#8230;)<\/li>\n<\/ul>\n\n\n\n<p><strong>Pour l\u2019ann\u00e9e scolaire 2022-2023, l\u2019ONG AGAP\u00c8 prend en charge la scolarit\u00e9 de quatre-vingts onze (91) enfants et jeunes en difficult\u00e9, dans les Dioc\u00e8ses d\u2019Ambositra et Fianarantsoa, R\u00e9gions Amoron\u2019i Mania et Haute Matsiatra.<\/strong><\/p>\n\n\n\n<p><strong>Pour cette ann\u00e9e scolaire 2023-2024<\/strong> : <strong>nous soutenons 89 \u00e9l\u00e8ves<\/strong> <strong>(pour les frais scolaires et les fournitures scolaires)<\/strong><\/p>\n\n\n\n<p><strong>Pour cette ann\u00e9e scolaire 2024-202<\/strong>5: <strong>nous soutenons 75 \u00e9l\u00e8ves<\/strong> <strong>(pour les frais scolaires et les fournitures scolaires)<\/strong><\/p>\n\n\n\n<figure class=\"wp-block-image size-full\"><img loading=\"lazy\" decoding=\"async\" width=\"816\" height=\"460\" src=\"https:\/\/ongagapemadag.net\/wp-content\/uploads\/2023\/06\/image.png\" alt=\"\" class=\"wp-image-51\" srcset=\"https:\/\/ongagapemadag.net\/wp-content\/uploads\/2023\/06\/image.png 816w, https:\/\/ongagapemadag.net\/wp-content\/uploads\/2023\/06\/image-300x169.png 300w, https:\/\/ongagapemadag.net\/wp-content\/uploads\/2023\/06\/image-768x433.png 768w\" sizes=\"auto, (max-width: 816px) 100vw, 816px\" \/><\/figure>\n\n\n\n<p><strong>Enfants et jeunes scolaris\u00e9s en difficult\u00e9 pris en charge par l\u2019ONG AGAP\u00c8<\/strong> <strong>MADAGASCAR<\/strong><\/p>\n\n\n\n<ul class=\"wp-block-list\">\n<li>L\u2019aide aux plus d\u00e9munis (petits, pauvres, malades, marginalis\u00e9s, handicap\u00e9s), \u00e0 travers des \u0153uvres caritatives&nbsp;;&nbsp;<\/li>\n\n\n\n<li>La fourniture de mat\u00e9riels et d&rsquo;outils scolaires, y compris les frais de scolarit\u00e9&nbsp;;<\/li>\n\n\n\n<li>CENTRE DE FORMATIONS ET MULTISERVICES <\/li>\n<\/ul>\n\n\n\n<p>1- <strong>Cours de langues \u00e9trang\u00e8res<\/strong> : Fran\u00e7ais, Italien, Anglais<\/p>\n\n\n\n<div class=\"wp-block-file\"><a href=\"https:\/\/ongagapemadag.net\/wp-content\/uploads\/2024\/04\/image.png\" class=\"wp-block-file__button wp-element-button\" download>Download<\/a><\/div>\n\n\n\n<p><strong>COURS DE MUSIQUES : Piano\/ Clavier Guitares&nbsp;<\/strong><\/p>\n\n\n\n<p><strong>Cour de<\/strong> <strong>Call Center<\/strong><\/p>\n\n\n\n<p><strong>NOUS AVONS AUSSI DES PRODUITS POUR VOUS: VENEZ EN PROFITER, LES PRODUITS DE BEAUTES. LES SAVONS NE CONTIENNENT PAS DE PRODUITS CHIMIQUES. <\/strong><\/p>\n\n\n\n<p><strong>Elevage de  poulets de chair (35 jours)<\/strong><\/p>\n\n\n\n<p><strong>Shampoing \u00e0 base d\u2019\u0153uf et alo\u00e8 vera<\/strong><\/p>\n\n\n\n<p><strong>Savons de beaut\u00e9 \u00e0 base de citron, avocat, persil,&nbsp;<\/strong><\/p>\n\n\n\n<p><strong>concombre, carotte, alo\u00e8 vera, g\u00e9ranium<\/strong><\/p>\n\n\n\n<p><strong>Barres de savon pour la lessive<\/strong><\/p>\n\n\n\n<p><\/p>\n\n\n\n<p>DISTRIBUTION DES REPAS POUR LES PERSONNES ET LES FAMILLES NECESSITEUSES (NOEL 2024; MARS 2025&#8230;)<\/p>\n\n\n\n<p><\/p>\n\n\n\n<p><\/p>\n\n\n\n<h2 class=\"wp-block-heading has-large-font-size\"><strong>D\u2019AUTRES ACTIVITES SONT ENVISAGEES POUR LE SOUTIEN DES PROJETS DE L\u2019ONG, A SAVOIR&nbsp;:<\/strong><\/h2>\n\n\n\n<ul class=\"wp-block-list\">\n<li>Venir en aide aux n\u00e9cessiteux en se servant de pont ou d&rsquo;interm\u00e9diaire entre les bienfaiteurs et les n\u00e9cessiteux&nbsp;;<\/li>\n\n\n\n<li>Collecter des fonds en sollicitant des legs, des dons ou des contributions de tiers sans contrepartie&nbsp;;<\/li>\n\n\n\n<li>Faire appel \u00e0 diverses entit\u00e9s et bienfaiteurs pour soutenir des projets de d\u00e9veloppement, tels que : constructions des abris pour les sinistr\u00e9s, des b\u00e2timents scolaires, des centres de sant\u00e9, des centres \u00e9ducatifs et diverses structures qui pourraient \u00eatre utiles, des \u00e9glises.<\/li>\n\n\n\n<li>\u0152uvrer pour la protection des cr\u00e9atures, les r\u00e9surrections naturelles et \u00e9cologiques&nbsp;;<\/li>\n\n\n\n<li>Organiser des soir\u00e9es caritatives : d\u00eener, d\u00e9jeuner.<\/li>\n<\/ul>\n\n\n\n<p><strong>Fait \u00e0 Fandriana, le 16 mars 2023<\/strong><\/p>\n\n\n\n<p><\/p>\n\n\n\n<p>R\u00c9F\u00c9RENCES ET COORDONN\u00c9ES DE LA ONG AGAPE MADAGASCAR :<\/p>\n\n\n\n<figure class=\"wp-block-image size-full\"><img loading=\"lazy\" decoding=\"async\" width=\"224\" height=\"185\" src=\"https:\/\/ongagapemadag.net\/wp-content\/uploads\/2026\/01\/image.png\" alt=\"\" class=\"wp-image-307\"\/><\/figure>\n\n\n\n<p><\/p>\n\n\n\n<p><strong>ADRESSE <\/strong>: <\/p>\n\n\n\n<p>Lot: 3604\/012C\/ K6 Andraitoa Bateravola, Fianarantsoa, MADAGASCAR, 301<\/p>\n\n\n\n<p>R\u00c9F\u00c9RENCE NIF : Arr\u00eat\u00e9 d\u2019Agr\u00e9ment N\u00b0 01\/23-GOUV\/AMM\/ONG, Immatriculation N\u00b0 01\/23\/IMM du 03 Avril 2023, NIF: 500548342-STAT: 94111222021000109<\/p>\n\n\n\n<p>Site web ONG A.G.A.P.E. MADAGASCAR : <a href=\"https:\/\/ongagapemadag.net\">https:\/\/ongagapemadag.net<\/a>&nbsp;<\/p>\n\n\n\n<p>Email ONG A.G.A.P.E.<br>MADAGASCAR: <a href=\"mailto:ongagapemad@gmail.com\">ongagapemad@gmail.com<\/a>&nbsp;<\/p>\n\n\n\n<p>Facebook ONG A.G.A.P.E<br>MADAGASCAR : https:\/\/www.facebook.com\/share\/v\/1DJhN3SJhB\/&nbsp;<\/p>\n\n\n\n<p>**************<\/p>\n\n\n\n<p>Cell. +261 38 60 00839<\/p>\n\n\n\n<p>E-mail: ongagapemad@gmail.com<\/p>\n\n\n\n<p>Site web: https:\/\/ongagapemadag.net<\/p>\n\n\n\n<p>COORDONN\u00c9ES BANCAIRES DE L&rsquo;ONG AGAPE MADAGASCAR<\/p>\n\n\n\n<p>Conto corrente, IBAN:MG4600008003400500401287140<\/p>\n\n\n\n<p>BANQUE: BRED &#8211; Banque populaire, MADAGASCAR<\/p>\n\n\n\n<p>AU NOM DE : <strong>A<\/strong>mour pour la <strong>G<\/strong>arantie de l\u2019<strong>A<\/strong>venir des <strong>P<\/strong>articipants <strong>E<\/strong>veill\u00e9s<\/p>\n\n\n\n<p>CODE BIC (Bank identifier Code) : BFAVMGMGXXX<\/p>\n\n\n\n<p>&#8212;&#8212;&#8212;&#8212;&#8212;&#8212;&#8212;&#8212;&#8212;&#8212;&#8212;&#8212;&#8212;&#8212;&#8212;&#8212;&#8212;&#8212;&#8212;<\/p>\n\n\n\n<p><strong>COMPTE BANCAIRE ALTERNATIF:<\/strong><\/p>\n\n\n\n<p>Banque en Italie : CREDIT AGRICOLE<\/p>\n\n\n\n<p>IBAN: IT82U0623003229000015442689<\/p>\n\n\n\n<p>Au nom de : Simplice Abel TOLIARISOA<\/p>\n\n\n\n<p>COD. B.I.C.: CRPPIT2PXXX<\/p>\n\n\n<p><!-- \/wp:post-content --><\/p>\n<p class=\"MsoNormal\">\n<p>L&rsquo;ONG AGAP\u00c8 MADAGASCAR VOUS SOUHAITE \u00ab\u00a0BIENVENUS DANS NONTRE SITE WEB\u00a0\u00bb, VEUILLEZ DECOUVRIR QUI SOMMES-NOUS, QU&rsquo;EST CE QUE NOUS FAISONS, QUEL EST NOTRS OBJECTIF ET QUELS SONT NOS ACTIVITES ET PROJETS.<\/p>","protected":false},"excerpt":{"rendered":"<p>AMOUR&nbsp; AGAP\u00c8 EN TANT QUE ASSOCIATION\/ONG AGAPE MADAGASCAR L&rsquo;A.G.A.P.\u00c8 est une ONG cr\u00e9\u00e9e par tous ceux qui ont de la bonne volont\u00e9, de l&rsquo;amour pour le prochain. AGAP\u00c8 est un mot grec qui signifie \u00ab\u00a0l&rsquo;amour qui surmonte toute forme d&rsquo;\u00e9go\u00efsme, c&rsquo;est l&rsquo;amour d\u00e9sint\u00e9ress\u00e9 pour le soin des autres\u00a0\u00bb. OBJECTIFS DE L\u2019ONG A.G.A.P.\u00c8 MADAGASCAR TITRE DU [&hellip;]<\/p>\n","protected":false},"author":1,"featured_media":0,"parent":0,"menu_order":0,"comment_status":"closed","ping_status":"closed","template":"templates\/template-full-width.php","meta":{"footnotes":""},"class_list":["post-25","page","type-page","status-publish","hentry"],"_links":{"self":[{"href":"https:\/\/ongagapemadag.net\/index.php\/wp-json\/wp\/v2\/pages\/25","targetHints":{"allow":["GET"]}}],"collection":[{"href":"https:\/\/ongagapemadag.net\/index.php\/wp-json\/wp\/v2\/pages"}],"about":[{"href":"https:\/\/ongagapemadag.net\/index.php\/wp-json\/wp\/v2\/types\/page"}],"author":[{"embeddable":true,"href":"https:\/\/ongagapemadag.net\/index.php\/wp-json\/wp\/v2\/users\/1"}],"replies":[{"embeddable":true,"href":"https:\/\/ongagapemadag.net\/index.php\/wp-json\/wp\/v2\/comments?post=25"}],"version-history":[{"count":18,"href":"https:\/\/ongagapemadag.net\/index.php\/wp-json\/wp\/v2\/pages\/25\/revisions"}],"predecessor-version":[{"id":436,"href":"https:\/\/ongagapemadag.net\/index.php\/wp-json\/wp\/v2\/pages\/25\/revisions\/436"}],"wp:attachment":[{"href":"https:\/\/ongagapemadag.net\/index.php\/wp-json\/wp\/v2\/media?parent=25"}],"curies":[{"name":"wp","href":"https:\/\/api.w.org\/{rel}","templated":true}]}}