{"id":316,"date":"2026-01-27T13:58:31","date_gmt":"2026-01-27T12:58:31","guid":{"rendered":"https:\/\/ongagapemadag.net\/?page_id=316"},"modified":"2026-01-27T13:58:31","modified_gmt":"2026-01-27T12:58:31","slug":"projets-de-developpements","status":"publish","type":"page","link":"https:\/\/ongagapemadag.net\/index.php\/projets-de-developpements\/","title":{"rendered":"PROJETS DE DEVELOPPEMENTS"},"content":{"rendered":"\n<p>L&rsquo;ONG AGAPE MADAGASCAR a un esprit d&rsquo;ouverture, elle peut cr\u00e9er des activit\u00e9s vari\u00e9es pour satisfaires les n\u00e9cessit\u00e9s et besoins des familles et des soci\u00e9t\u00e9s qui l&rsquo;entourent. Pour cela l&rsquo;ONG AGAPE a commenc\u00e9 \u00e0 faire quelques essais et exp\u00e9riences sur l&rsquo;\u00e9levage et l&rsquo;agriculture. Pourtant, il nous manque encore des moyens financiers et mat\u00e9riels pour pouvoir continuer ce projet, en vue toujours d&rsquo;aider nos prochains vuln\u00e9rables. Ainsi, nous faisons un appel pour \u00e0 ceux qui peuvent nous aider pour d\u00e9velopper ces projets. <\/p>\n\n\n\n<p>1- \u00c9levage de porcs <\/p>\n\n\n\n<figure class=\"wp-block-video\"><video height=\"478\" style=\"aspect-ratio: 848 \/ 478;\" width=\"848\" controls src=\"https:\/\/ongagapemadag.net\/wp-content\/uploads\/2026\/01\/PORC-3.mp4\"><\/video><\/figure>\n\n\n\n<figure class=\"wp-block-image size-large\"><img loading=\"lazy\" decoding=\"async\" width=\"768\" height=\"1024\" src=\"https:\/\/ongagapemadag.net\/wp-content\/uploads\/2026\/01\/PORC-5-768x1024.jpeg\" alt=\"\" class=\"wp-image-317\" srcset=\"https:\/\/ongagapemadag.net\/wp-content\/uploads\/2026\/01\/PORC-5-768x1024.jpeg 768w, https:\/\/ongagapemadag.net\/wp-content\/uploads\/2026\/01\/PORC-5-225x300.jpeg 225w, https:\/\/ongagapemadag.net\/wp-content\/uploads\/2026\/01\/PORC-5-1152x1536.jpeg 1152w, https:\/\/ongagapemadag.net\/wp-content\/uploads\/2026\/01\/PORC-5.jpeg 1200w\" sizes=\"auto, (max-width: 768px) 100vw, 768px\" \/><\/figure>\n\n\n\n<figure class=\"wp-block-image size-large\"><img loading=\"lazy\" decoding=\"async\" width=\"768\" height=\"1024\" src=\"https:\/\/ongagapemadag.net\/wp-content\/uploads\/2026\/01\/PORC-6-768x1024.jpeg\" alt=\"\" class=\"wp-image-318\" srcset=\"https:\/\/ongagapemadag.net\/wp-content\/uploads\/2026\/01\/PORC-6-768x1024.jpeg 768w, https:\/\/ongagapemadag.net\/wp-content\/uploads\/2026\/01\/PORC-6-225x300.jpeg 225w, https:\/\/ongagapemadag.net\/wp-content\/uploads\/2026\/01\/PORC-6-1152x1536.jpeg 1152w, https:\/\/ongagapemadag.net\/wp-content\/uploads\/2026\/01\/PORC-6.jpeg 1200w\" sizes=\"auto, (max-width: 768px) 100vw, 768px\" \/><\/figure>\n\n\n\n<p>2- \u00c9levage de poulets de chair<\/p>\n\n\n\n<p>L&rsquo;exp\u00e9rience a \u00e9t\u00e9 bonne, seulement les moyens pour le d\u00e9velopper ne sont pas assez. <\/p>\n\n\n\n<figure class=\"wp-block-image size-full\"><img loading=\"lazy\" decoding=\"async\" width=\"720\" height=\"540\" src=\"https:\/\/ongagapemadag.net\/wp-content\/uploads\/2026\/01\/image-2.png\" alt=\"\" class=\"wp-image-324\" srcset=\"https:\/\/ongagapemadag.net\/wp-content\/uploads\/2026\/01\/image-2.png 720w, https:\/\/ongagapemadag.net\/wp-content\/uploads\/2026\/01\/image-2-300x225.png 300w\" sizes=\"auto, (max-width: 720px) 100vw, 720px\" \/><\/figure>\n\n\n\n<figure class=\"wp-block-image size-full\"><img loading=\"lazy\" decoding=\"async\" width=\"720\" height=\"540\" src=\"https:\/\/ongagapemadag.net\/wp-content\/uploads\/2026\/01\/image-1.png\" alt=\"\" class=\"wp-image-323\" srcset=\"https:\/\/ongagapemadag.net\/wp-content\/uploads\/2026\/01\/image-1.png 720w, https:\/\/ongagapemadag.net\/wp-content\/uploads\/2026\/01\/image-1-300x225.png 300w\" sizes=\"auto, (max-width: 720px) 100vw, 720px\" \/><\/figure>\n\n\n\n<p>3- Agriculture : du riz et d&rsquo;arachide et autres<\/p>\n\n\n\n<p>Vue ces m\u00e9thodes traditionnelles, et l&rsquo;immensit\u00e9 du terrain \u00e0 cultiver, nous voulons avoir et utiliser des moyens de production modernes: tracteurs, et d&rsquo;autres machines et d&rsquo;outils efficaces et rapides pour acc\u00e9l\u00e9rer les travaux de productions. <\/p>\n\n\n\n<figure class=\"wp-block-image size-large\"><img loading=\"lazy\" decoding=\"async\" width=\"1024\" height=\"461\" src=\"https:\/\/ongagapemadag.net\/wp-content\/uploads\/2026\/01\/agri-10-1-1024x461.jpeg\" alt=\"\" class=\"wp-image-333\" srcset=\"https:\/\/ongagapemadag.net\/wp-content\/uploads\/2026\/01\/agri-10-1-1024x461.jpeg 1024w, https:\/\/ongagapemadag.net\/wp-content\/uploads\/2026\/01\/agri-10-1-300x135.jpeg 300w, https:\/\/ongagapemadag.net\/wp-content\/uploads\/2026\/01\/agri-10-1-768x346.jpeg 768w, https:\/\/ongagapemadag.net\/wp-content\/uploads\/2026\/01\/agri-10-1.jpeg 1040w\" sizes=\"auto, (max-width: 1024px) 100vw, 1024px\" \/><\/figure>\n\n\n\n<figure class=\"wp-block-image size-large\"><img loading=\"lazy\" decoding=\"async\" width=\"1024\" height=\"461\" src=\"https:\/\/ongagapemadag.net\/wp-content\/uploads\/2026\/01\/agri-6-1024x461.jpeg\" alt=\"\" class=\"wp-image-334\" srcset=\"https:\/\/ongagapemadag.net\/wp-content\/uploads\/2026\/01\/agri-6-1024x461.jpeg 1024w, https:\/\/ongagapemadag.net\/wp-content\/uploads\/2026\/01\/agri-6-300x135.jpeg 300w, https:\/\/ongagapemadag.net\/wp-content\/uploads\/2026\/01\/agri-6-768x346.jpeg 768w, https:\/\/ongagapemadag.net\/wp-content\/uploads\/2026\/01\/agri-6.jpeg 1040w\" sizes=\"auto, (max-width: 1024px) 100vw, 1024px\" \/><\/figure>\n\n\n\n<figure class=\"wp-block-image size-large\"><img loading=\"lazy\" decoding=\"async\" width=\"1024\" height=\"461\" src=\"https:\/\/ongagapemadag.net\/wp-content\/uploads\/2026\/01\/Agri-7-1024x461.jpeg\" alt=\"\" class=\"wp-image-335\" srcset=\"https:\/\/ongagapemadag.net\/wp-content\/uploads\/2026\/01\/Agri-7-1024x461.jpeg 1024w, https:\/\/ongagapemadag.net\/wp-content\/uploads\/2026\/01\/Agri-7-300x135.jpeg 300w, https:\/\/ongagapemadag.net\/wp-content\/uploads\/2026\/01\/Agri-7-768x346.jpeg 768w, https:\/\/ongagapemadag.net\/wp-content\/uploads\/2026\/01\/Agri-7.jpeg 1040w\" sizes=\"auto, (max-width: 1024px) 100vw, 1024px\" \/><\/figure>\n\n\n\n<figure class=\"wp-block-image size-large\"><img loading=\"lazy\" decoding=\"async\" width=\"1024\" height=\"461\" src=\"https:\/\/ongagapemadag.net\/wp-content\/uploads\/2026\/01\/agri-8-1-1024x461.jpeg\" alt=\"\" class=\"wp-image-336\" srcset=\"https:\/\/ongagapemadag.net\/wp-content\/uploads\/2026\/01\/agri-8-1-1024x461.jpeg 1024w, https:\/\/ongagapemadag.net\/wp-content\/uploads\/2026\/01\/agri-8-1-300x135.jpeg 300w, https:\/\/ongagapemadag.net\/wp-content\/uploads\/2026\/01\/agri-8-1-768x346.jpeg 768w, https:\/\/ongagapemadag.net\/wp-content\/uploads\/2026\/01\/agri-8-1.jpeg 1040w\" sizes=\"auto, (max-width: 1024px) 100vw, 1024px\" \/><\/figure>\n\n\n\n<figure class=\"wp-block-video\"><video height=\"478\" style=\"aspect-ratio: 848 \/ 478;\" width=\"848\" controls src=\"https:\/\/ongagapemadag.net\/wp-content\/uploads\/2026\/01\/agri-9-1.mp4\"><\/video><\/figure>\n\n\n\n<figure class=\"wp-block-image size-large\"><img loading=\"lazy\" decoding=\"async\" width=\"1024\" height=\"461\" src=\"https:\/\/ongagapemadag.net\/wp-content\/uploads\/2026\/01\/agri-2-1024x461.jpeg\" alt=\"\" class=\"wp-image-325\" srcset=\"https:\/\/ongagapemadag.net\/wp-content\/uploads\/2026\/01\/agri-2-1024x461.jpeg 1024w, https:\/\/ongagapemadag.net\/wp-content\/uploads\/2026\/01\/agri-2-300x135.jpeg 300w, https:\/\/ongagapemadag.net\/wp-content\/uploads\/2026\/01\/agri-2-768x346.jpeg 768w, https:\/\/ongagapemadag.net\/wp-content\/uploads\/2026\/01\/agri-2.jpeg 1040w\" sizes=\"auto, (max-width: 1024px) 100vw, 1024px\" \/><\/figure>\n\n\n\n<figure class=\"wp-block-image size-large\"><img loading=\"lazy\" decoding=\"async\" width=\"1024\" height=\"461\" src=\"https:\/\/ongagapemadag.net\/wp-content\/uploads\/2026\/01\/agri-3-1024x461.jpeg\" alt=\"\" class=\"wp-image-329\" srcset=\"https:\/\/ongagapemadag.net\/wp-content\/uploads\/2026\/01\/agri-3-1024x461.jpeg 1024w, https:\/\/ongagapemadag.net\/wp-content\/uploads\/2026\/01\/agri-3-300x135.jpeg 300w, https:\/\/ongagapemadag.net\/wp-content\/uploads\/2026\/01\/agri-3-768x346.jpeg 768w, https:\/\/ongagapemadag.net\/wp-content\/uploads\/2026\/01\/agri-3.jpeg 1040w\" sizes=\"auto, (max-width: 1024px) 100vw, 1024px\" \/><\/figure>\n\n\n\n<figure class=\"wp-block-image size-large\"><img loading=\"lazy\" decoding=\"async\" width=\"1024\" height=\"461\" src=\"https:\/\/ongagapemadag.net\/wp-content\/uploads\/2026\/01\/Agri-4-1024x461.jpeg\" alt=\"\" class=\"wp-image-330\" srcset=\"https:\/\/ongagapemadag.net\/wp-content\/uploads\/2026\/01\/Agri-4-1024x461.jpeg 1024w, https:\/\/ongagapemadag.net\/wp-content\/uploads\/2026\/01\/Agri-4-300x135.jpeg 300w, https:\/\/ongagapemadag.net\/wp-content\/uploads\/2026\/01\/Agri-4-768x346.jpeg 768w, https:\/\/ongagapemadag.net\/wp-content\/uploads\/2026\/01\/Agri-4.jpeg 1040w\" sizes=\"auto, (max-width: 1024px) 100vw, 1024px\" \/><\/figure>\n\n\n\n<figure class=\"wp-block-video\"><video height=\"478\" style=\"aspect-ratio: 848 \/ 478;\" width=\"848\" controls src=\"https:\/\/ongagapemadag.net\/wp-content\/uploads\/2026\/01\/agri-4.mp4\"><\/video><\/figure>\n\n\n\n<figure class=\"wp-block-image size-large\"><img loading=\"lazy\" decoding=\"async\" width=\"1024\" height=\"461\" src=\"https:\/\/ongagapemadag.net\/wp-content\/uploads\/2026\/01\/agri-5-1024x461.jpeg\" alt=\"\" class=\"wp-image-328\" srcset=\"https:\/\/ongagapemadag.net\/wp-content\/uploads\/2026\/01\/agri-5-1024x461.jpeg 1024w, https:\/\/ongagapemadag.net\/wp-content\/uploads\/2026\/01\/agri-5-300x135.jpeg 300w, https:\/\/ongagapemadag.net\/wp-content\/uploads\/2026\/01\/agri-5-768x346.jpeg 768w, https:\/\/ongagapemadag.net\/wp-content\/uploads\/2026\/01\/agri-5.jpeg 1040w\" sizes=\"auto, (max-width: 1024px) 100vw, 1024px\" \/><\/figure>\n\n\n\n<p>ADRESSE: Lot. 3604\/012C\/K6 Andraitoa, Fianarantsoa (301), MADAGASCAR,<\/p>\n\n\n\n<p>Site web ONG A.G.A.P.E. MADAGASCAR :&nbsp;<a href=\"https:\/\/ongagapemadag.net\/\">https:\/\/ongagapemadag.net<\/a>&nbsp;<\/p>\n\n\n\n<p>Email ONG A.G.A.P.E.<br>MADAGASCAR:&nbsp;<a href=\"mailto:ongagapemad@gmail.com\">ongagapemad@gmail.com<\/a>&nbsp;<\/p>\n\n\n\n<p>Facebook ONG A.G.A.P.E<br>MADAGASCAR : https:\/\/www.facebook.com\/share\/v\/1DJhN3SJhB\/&nbsp;<\/p>\n\n\n\n<p>Tel . (+261)<br>38 60 008 39 (Telma)\/ (+261) 32 45 255 19 (orange +WhatsApp)<\/p>\n\n\n\n<p><\/p>\n","protected":false},"excerpt":{"rendered":"<p>L&rsquo;ONG AGAPE MADAGASCAR a un esprit d&rsquo;ouverture, elle peut cr\u00e9er des activit\u00e9s vari\u00e9es pour satisfaires les n\u00e9cessit\u00e9s et besoins des familles et des soci\u00e9t\u00e9s qui l&rsquo;entourent. Pour cela l&rsquo;ONG AGAPE a commenc\u00e9 \u00e0 faire quelques essais et exp\u00e9riences sur l&rsquo;\u00e9levage et l&rsquo;agriculture. Pourtant, il nous manque encore des moyens financiers et mat\u00e9riels pour pouvoir continuer [&hellip;]<\/p>\n","protected":false},"author":1,"featured_media":0,"parent":0,"menu_order":0,"comment_status":"closed","ping_status":"closed","template":"","meta":{"footnotes":""},"class_list":["post-316","page","type-page","status-publish","hentry"],"_links":{"self":[{"href":"https:\/\/ongagapemadag.net\/index.php\/wp-json\/wp\/v2\/pages\/316","targetHints":{"allow":["GET"]}}],"collection":[{"href":"https:\/\/ongagapemadag.net\/index.php\/wp-json\/wp\/v2\/pages"}],"about":[{"href":"https:\/\/ongagapemadag.net\/index.php\/wp-json\/wp\/v2\/types\/page"}],"author":[{"embeddable":true,"href":"https:\/\/ongagapemadag.net\/index.php\/wp-json\/wp\/v2\/users\/1"}],"replies":[{"embeddable":true,"href":"https:\/\/ongagapemadag.net\/index.php\/wp-json\/wp\/v2\/comments?post=316"}],"version-history":[{"count":1,"href":"https:\/\/ongagapemadag.net\/index.php\/wp-json\/wp\/v2\/pages\/316\/revisions"}],"predecessor-version":[{"id":338,"href":"https:\/\/ongagapemadag.net\/index.php\/wp-json\/wp\/v2\/pages\/316\/revisions\/338"}],"wp:attachment":[{"href":"https:\/\/ongagapemadag.net\/index.php\/wp-json\/wp\/v2\/media?parent=316"}],"curies":[{"name":"wp","href":"https:\/\/api.w.org\/{rel}","templated":true}]}}