{"id":339,"date":"2026-01-27T14:12:39","date_gmt":"2026-01-27T13:12:39","guid":{"rendered":"https:\/\/ongagapemadag.net\/?page_id=339"},"modified":"2026-03-12T23:36:55","modified_gmt":"2026-03-12T22:36:55","slug":"projets-de-production-savonnerie-et-produits-de-beaute-naturelles","status":"publish","type":"page","link":"https:\/\/ongagapemadag.net\/index.php\/projets-de-production-savonnerie-et-produits-de-beaute-naturelles\/","title":{"rendered":"PROJETS DE PRODUCTION SAVONNERIE ET PRODUITS DE BEAUT\u00c9  NATURELLES"},"content":{"rendered":"\n<p>A- SAVONNERIE SANS PRODUITS CHIMIQUES<\/p>\n\n\n\n<figure class=\"wp-block-image size-full\"><img loading=\"lazy\" decoding=\"async\" width=\"720\" height=\"960\" src=\"https:\/\/ongagapemadag.net\/wp-content\/uploads\/2026\/01\/image-3.png\" alt=\"\" class=\"wp-image-340\" srcset=\"https:\/\/ongagapemadag.net\/wp-content\/uploads\/2026\/01\/image-3.png 720w, https:\/\/ongagapemadag.net\/wp-content\/uploads\/2026\/01\/image-3-225x300.png 225w\" sizes=\"auto, (max-width: 720px) 100vw, 720px\" \/><\/figure>\n\n\n\n<figure class=\"wp-block-image size-full\"><img loading=\"lazy\" decoding=\"async\" width=\"720\" height=\"960\" src=\"https:\/\/ongagapemadag.net\/wp-content\/uploads\/2026\/01\/image-4.png\" alt=\"\" class=\"wp-image-341\" srcset=\"https:\/\/ongagapemadag.net\/wp-content\/uploads\/2026\/01\/image-4.png 720w, https:\/\/ongagapemadag.net\/wp-content\/uploads\/2026\/01\/image-4-225x300.png 225w\" sizes=\"auto, (max-width: 720px) 100vw, 720px\" \/><\/figure>\n\n\n\n<p><\/p>\n\n\n\n<figure class=\"wp-block-image size-full\"><img loading=\"lazy\" decoding=\"async\" width=\"720\" height=\"960\" src=\"https:\/\/ongagapemadag.net\/wp-content\/uploads\/2026\/01\/image-6.png\" alt=\"\" class=\"wp-image-343\" srcset=\"https:\/\/ongagapemadag.net\/wp-content\/uploads\/2026\/01\/image-6.png 720w, https:\/\/ongagapemadag.net\/wp-content\/uploads\/2026\/01\/image-6-225x300.png 225w\" sizes=\"auto, (max-width: 720px) 100vw, 720px\" \/><\/figure>\n\n\n\n<p>B- PRODUITS DE BEAUT\u00c9 <\/p>\n\n\n\n<figure class=\"wp-block-image size-full\"><img loading=\"lazy\" decoding=\"async\" width=\"562\" height=\"718\" src=\"https:\/\/ongagapemadag.net\/wp-content\/uploads\/2026\/01\/image-7.png\" alt=\"\" class=\"wp-image-344\" srcset=\"https:\/\/ongagapemadag.net\/wp-content\/uploads\/2026\/01\/image-7.png 562w, https:\/\/ongagapemadag.net\/wp-content\/uploads\/2026\/01\/image-7-235x300.png 235w\" sizes=\"auto, (max-width: 562px) 100vw, 562px\" \/><\/figure>\n\n\n\n<figure class=\"wp-block-image size-full\"><img loading=\"lazy\" decoding=\"async\" width=\"720\" height=\"960\" src=\"https:\/\/ongagapemadag.net\/wp-content\/uploads\/2026\/01\/image-8.png\" alt=\"\" class=\"wp-image-345\" srcset=\"https:\/\/ongagapemadag.net\/wp-content\/uploads\/2026\/01\/image-8.png 720w, https:\/\/ongagapemadag.net\/wp-content\/uploads\/2026\/01\/image-8-225x300.png 225w\" sizes=\"auto, (max-width: 720px) 100vw, 720px\" \/><\/figure>\n\n\n\n<figure class=\"wp-block-image size-full\"><img loading=\"lazy\" decoding=\"async\" width=\"610\" height=\"773\" src=\"https:\/\/ongagapemadag.net\/wp-content\/uploads\/2026\/01\/image-9.png\" alt=\"\" class=\"wp-image-346\" srcset=\"https:\/\/ongagapemadag.net\/wp-content\/uploads\/2026\/01\/image-9.png 610w, https:\/\/ongagapemadag.net\/wp-content\/uploads\/2026\/01\/image-9-237x300.png 237w\" sizes=\"auto, (max-width: 610px) 100vw, 610px\" \/><\/figure>\n\n\n\n<p><strong>ADRESSE&nbsp;<\/strong>:<\/p>\n\n\n\n<p>Lot: 3604\/012C\/ K6 Andraitoa Bateravola, Fianarantsoa, MADAGASCAR, 301<\/p>\n\n\n\n<p>R\u00c9F\u00c9RENCE NIF : Arr\u00eat\u00e9 d\u2019Agr\u00e9ment N\u00b0 01\/23-GOUV\/AMM\/ONG, Immatriculation N\u00b0 01\/23\/IMM du 03 Avril 2023, NIF: 500548342-STAT: 94111222021000109<\/p>\n\n\n\n<p>**************<\/p>\n\n\n\n<p>Cell. +261 38 60 00839<\/p>\n\n\n\n<p>E-mail: ongagapemad@gmail.com<\/p>\n\n\n\n<p>Site web: https:\/\/ongagapemadag.net<\/p>\n\n\n\n<p><strong>COMPTE BANCAIRE POUR LES DONATIONS :<\/strong><\/p>\n\n\n\n<p>IBAN:MG4600008003400500401287140<\/p>\n\n\n\n<p>BANQUE : BRED &#8211; Banque populaire, MADAGASCAR<\/p>\n\n\n\n<p>CODE B.I.C. : BFAVMGMGXXX<\/p>\n","protected":false},"excerpt":{"rendered":"<p>A- SAVONNERIE SANS PRODUITS CHIMIQUES B- PRODUITS DE BEAUT\u00c9 ADRESSE&nbsp;: Lot: 3604\/012C\/ K6 Andraitoa Bateravola, Fianarantsoa, MADAGASCAR, 301 R\u00c9F\u00c9RENCE NIF : Arr\u00eat\u00e9 d\u2019Agr\u00e9ment N\u00b0 01\/23-GOUV\/AMM\/ONG, Immatriculation N\u00b0 01\/23\/IMM du 03 Avril 2023, NIF: 500548342-STAT: 94111222021000109 ************** Cell. +261 38 60 00839 E-mail: ongagapemad@gmail.com Site web: https:\/\/ongagapemadag.net COMPTE BANCAIRE POUR LES DONATIONS : IBAN:MG4600008003400500401287140 BANQUE : [&hellip;]<\/p>\n","protected":false},"author":1,"featured_media":0,"parent":0,"menu_order":0,"comment_status":"closed","ping_status":"closed","template":"","meta":{"footnotes":""},"class_list":["post-339","page","type-page","status-publish","hentry"],"_links":{"self":[{"href":"https:\/\/ongagapemadag.net\/index.php\/wp-json\/wp\/v2\/pages\/339","targetHints":{"allow":["GET"]}}],"collection":[{"href":"https:\/\/ongagapemadag.net\/index.php\/wp-json\/wp\/v2\/pages"}],"about":[{"href":"https:\/\/ongagapemadag.net\/index.php\/wp-json\/wp\/v2\/types\/page"}],"author":[{"embeddable":true,"href":"https:\/\/ongagapemadag.net\/index.php\/wp-json\/wp\/v2\/users\/1"}],"replies":[{"embeddable":true,"href":"https:\/\/ongagapemadag.net\/index.php\/wp-json\/wp\/v2\/comments?post=339"}],"version-history":[{"count":2,"href":"https:\/\/ongagapemadag.net\/index.php\/wp-json\/wp\/v2\/pages\/339\/revisions"}],"predecessor-version":[{"id":443,"href":"https:\/\/ongagapemadag.net\/index.php\/wp-json\/wp\/v2\/pages\/339\/revisions\/443"}],"wp:attachment":[{"href":"https:\/\/ongagapemadag.net\/index.php\/wp-json\/wp\/v2\/media?parent=339"}],"curies":[{"name":"wp","href":"https:\/\/api.w.org\/{rel}","templated":true}]}}