{"id":378,"date":"2026-01-27T15:57:19","date_gmt":"2026-01-27T14:57:19","guid":{"rendered":"https:\/\/ongagapemadag.net\/?page_id=378"},"modified":"2026-03-12T23:22:52","modified_gmt":"2026-03-12T22:22:52","slug":"aides-pour-les-plus-demunis-pauvres-et-emargines","status":"publish","type":"page","link":"https:\/\/ongagapemadag.net\/index.php\/aides-pour-les-plus-demunis-pauvres-et-emargines\/","title":{"rendered":"AIDES POUR LES PLUS D\u00c9MUNIS \u2013 PAUVRES ET EMARGIN\u00c9S"},"content":{"rendered":"\n<p>Un autre projet touche vraiment la vie des gens en difficult\u00e9s qui vivent sans trop d&rsquo;esp\u00e9rance, de futur, ils cherchent ce qu&rsquo;il en faut pour la vivre dans la journ\u00e9e. Comme on dit: \u00ab\u00a0Chercher aujord&rsquo;hui ce qu&rsquo;il en a fallu hier\u00a0\u00bb. Ce sont des personnes sans abris, les enfants de rue, les familles du quartier qui n&rsquo;ont pas de minimum de ressource pour vivre. <\/p>\n\n\n\n<p>La ONG AGAPE MADAGASCAR est touch\u00e9e par cette situation, et donc elle a pris la d\u00e9cision de prendre soin et d&rsquo;aider ces personnes et ces familles en difficult\u00e9. <\/p>\n\n\n\n<p>Activit\u00e9s: organiser des \u00e9venements pour rassembler les personnes en difficult\u00e9, distribution des n\u00e9cessit\u00e9s et des choses \u00e0 manger. Parmi les enfants peuvres, il y a ceux qui ne vont pas \u00e0 l&rsquo;\u00e9cole, donc l&rsquo;ONG AGAPE MADAGASCAR pense \u00e0 offrir aux enfants : \u00e9ducation, alphab\u00e9tisation et cantine scolaire quand ils verront \u00e0 s&rsquo;instruire, et surtout des salles de classe.<\/p>\n\n\n\n<p>Sur cette proposition, nous membres de l&rsquo;ONG AGAPE MADAGASCAR  voulons proposer \u00e0 tous ceux qui veulent collaborer avec nous car nous sommes en recherche de fonds et financements pour la r\u00e9alisation de ce projet. Veuillez voir les coordonn\u00e9es bancaires en bas de cette page. Nous vous remercions pour votre aide. <\/p>\n\n\n\n<figure class=\"wp-block-image size-full\"><img loading=\"lazy\" decoding=\"async\" width=\"600\" height=\"800\" src=\"https:\/\/ongagapemadag.net\/wp-content\/uploads\/2026\/01\/WhatsApp-Image-2026-01-27-at-09.19.19.jpeg\" alt=\"\" class=\"wp-image-379\" srcset=\"https:\/\/ongagapemadag.net\/wp-content\/uploads\/2026\/01\/WhatsApp-Image-2026-01-27-at-09.19.19.jpeg 600w, https:\/\/ongagapemadag.net\/wp-content\/uploads\/2026\/01\/WhatsApp-Image-2026-01-27-at-09.19.19-225x300.jpeg 225w\" sizes=\"auto, (max-width: 600px) 100vw, 600px\" \/><\/figure>\n\n\n\n<figure class=\"wp-block-video\"><video height=\"850\" style=\"aspect-ratio: 480 \/ 850;\" width=\"480\" controls src=\"https:\/\/ongagapemadag.net\/wp-content\/uploads\/2026\/01\/WhatsApp-Video-2026-01-27-at-09.01.56.mp4\"><\/video><\/figure>\n\n\n\n<figure class=\"wp-block-image size-full\"><img loading=\"lazy\" decoding=\"async\" width=\"960\" height=\"720\" src=\"https:\/\/ongagapemadag.net\/wp-content\/uploads\/2026\/01\/RECINTO-CASA-AGAPE-2-1.jpeg\" alt=\"\" class=\"wp-image-381\" srcset=\"https:\/\/ongagapemadag.net\/wp-content\/uploads\/2026\/01\/RECINTO-CASA-AGAPE-2-1.jpeg 960w, https:\/\/ongagapemadag.net\/wp-content\/uploads\/2026\/01\/RECINTO-CASA-AGAPE-2-1-300x225.jpeg 300w, https:\/\/ongagapemadag.net\/wp-content\/uploads\/2026\/01\/RECINTO-CASA-AGAPE-2-1-768x576.jpeg 768w\" sizes=\"auto, (max-width: 960px) 100vw, 960px\" \/><\/figure>\n\n\n\n<figure class=\"wp-block-image size-large\"><img loading=\"lazy\" decoding=\"async\" width=\"498\" height=\"1024\" src=\"https:\/\/ongagapemadag.net\/wp-content\/uploads\/2026\/01\/WhatsApp-Image-2026-01-27-at-08.57.38-498x1024.jpeg\" alt=\"\" class=\"wp-image-383\" srcset=\"https:\/\/ongagapemadag.net\/wp-content\/uploads\/2026\/01\/WhatsApp-Image-2026-01-27-at-08.57.38-498x1024.jpeg 498w, https:\/\/ongagapemadag.net\/wp-content\/uploads\/2026\/01\/WhatsApp-Image-2026-01-27-at-08.57.38-146x300.jpeg 146w, https:\/\/ongagapemadag.net\/wp-content\/uploads\/2026\/01\/WhatsApp-Image-2026-01-27-at-08.57.38.jpeg 622w\" sizes=\"auto, (max-width: 498px) 100vw, 498px\" \/><\/figure>\n\n\n\n<figure class=\"wp-block-image size-large\"><img loading=\"lazy\" decoding=\"async\" width=\"498\" height=\"1024\" src=\"https:\/\/ongagapemadag.net\/wp-content\/uploads\/2026\/01\/WhatsApp-Image-2026-01-27-at-08.57.39-498x1024.jpeg\" alt=\"\" class=\"wp-image-382\" srcset=\"https:\/\/ongagapemadag.net\/wp-content\/uploads\/2026\/01\/WhatsApp-Image-2026-01-27-at-08.57.39-498x1024.jpeg 498w, https:\/\/ongagapemadag.net\/wp-content\/uploads\/2026\/01\/WhatsApp-Image-2026-01-27-at-08.57.39-146x300.jpeg 146w, https:\/\/ongagapemadag.net\/wp-content\/uploads\/2026\/01\/WhatsApp-Image-2026-01-27-at-08.57.39.jpeg 622w\" sizes=\"auto, (max-width: 498px) 100vw, 498px\" \/><\/figure>\n\n\n\n<figure class=\"wp-block-image size-large\"><img loading=\"lazy\" decoding=\"async\" width=\"1024\" height=\"498\" src=\"https:\/\/ongagapemadag.net\/wp-content\/uploads\/2026\/01\/WhatsApp-Image-2026-01-27-at-08.57.40-1-1024x498.jpeg\" alt=\"\" class=\"wp-image-384\" srcset=\"https:\/\/ongagapemadag.net\/wp-content\/uploads\/2026\/01\/WhatsApp-Image-2026-01-27-at-08.57.40-1-1024x498.jpeg 1024w, https:\/\/ongagapemadag.net\/wp-content\/uploads\/2026\/01\/WhatsApp-Image-2026-01-27-at-08.57.40-1-300x146.jpeg 300w, https:\/\/ongagapemadag.net\/wp-content\/uploads\/2026\/01\/WhatsApp-Image-2026-01-27-at-08.57.40-1-768x373.jpeg 768w, https:\/\/ongagapemadag.net\/wp-content\/uploads\/2026\/01\/WhatsApp-Image-2026-01-27-at-08.57.40-1-1200x583.jpeg 1200w, https:\/\/ongagapemadag.net\/wp-content\/uploads\/2026\/01\/WhatsApp-Image-2026-01-27-at-08.57.40-1.jpeg 1280w\" sizes=\"auto, (max-width: 1024px) 100vw, 1024px\" \/><\/figure>\n\n\n\n<figure class=\"wp-block-image size-large\"><img loading=\"lazy\" decoding=\"async\" width=\"461\" height=\"1024\" src=\"https:\/\/ongagapemadag.net\/wp-content\/uploads\/2026\/01\/WhatsApp-Image-2026-01-27-at-08.57.41-1-461x1024.jpeg\" alt=\"\" class=\"wp-image-386\" srcset=\"https:\/\/ongagapemadag.net\/wp-content\/uploads\/2026\/01\/WhatsApp-Image-2026-01-27-at-08.57.41-1-461x1024.jpeg 461w, https:\/\/ongagapemadag.net\/wp-content\/uploads\/2026\/01\/WhatsApp-Image-2026-01-27-at-08.57.41-1-135x300.jpeg 135w, https:\/\/ongagapemadag.net\/wp-content\/uploads\/2026\/01\/WhatsApp-Image-2026-01-27-at-08.57.41-1.jpeg 468w\" sizes=\"auto, (max-width: 461px) 100vw, 461px\" \/><\/figure>\n\n\n\n<figure class=\"wp-block-video\"><video height=\"478\" style=\"aspect-ratio: 848 \/ 478;\" width=\"848\" controls src=\"https:\/\/ongagapemadag.net\/wp-content\/uploads\/2026\/01\/LUNDI-DE-PAK-2025-ZAZA.mp4\"><\/video><\/figure>\n\n\n\n<figure class=\"wp-block-image size-large\"><img loading=\"lazy\" decoding=\"async\" width=\"1024\" height=\"768\" src=\"https:\/\/ongagapemadag.net\/wp-content\/uploads\/2026\/01\/AIDE-1-1024x768.jpeg\" alt=\"\" class=\"wp-image-389\" srcset=\"https:\/\/ongagapemadag.net\/wp-content\/uploads\/2026\/01\/AIDE-1-1024x768.jpeg 1024w, https:\/\/ongagapemadag.net\/wp-content\/uploads\/2026\/01\/AIDE-1-300x225.jpeg 300w, https:\/\/ongagapemadag.net\/wp-content\/uploads\/2026\/01\/AIDE-1-768x576.jpeg 768w, https:\/\/ongagapemadag.net\/wp-content\/uploads\/2026\/01\/AIDE-1-1200x900.jpeg 1200w, https:\/\/ongagapemadag.net\/wp-content\/uploads\/2026\/01\/AIDE-1.jpeg 1280w\" sizes=\"auto, (max-width: 1024px) 100vw, 1024px\" \/><\/figure>\n\n\n\n<figure class=\"wp-block-image size-large\"><img loading=\"lazy\" decoding=\"async\" width=\"461\" height=\"1024\" src=\"https:\/\/ongagapemadag.net\/wp-content\/uploads\/2026\/01\/IMG-20251013-WA0047-461x1024.jpg\" alt=\"\" class=\"wp-image-393\" srcset=\"https:\/\/ongagapemadag.net\/wp-content\/uploads\/2026\/01\/IMG-20251013-WA0047-461x1024.jpg 461w, https:\/\/ongagapemadag.net\/wp-content\/uploads\/2026\/01\/IMG-20251013-WA0047-135x300.jpg 135w, https:\/\/ongagapemadag.net\/wp-content\/uploads\/2026\/01\/IMG-20251013-WA0047.jpg 468w\" sizes=\"auto, (max-width: 461px) 100vw, 461px\" \/><\/figure>\n\n\n\n<figure class=\"wp-block-image size-large\"><img loading=\"lazy\" decoding=\"async\" width=\"1024\" height=\"461\" src=\"https:\/\/ongagapemadag.net\/wp-content\/uploads\/2026\/01\/IMG-20251013-WA0040-1024x461.jpg\" alt=\"\" class=\"wp-image-394\" srcset=\"https:\/\/ongagapemadag.net\/wp-content\/uploads\/2026\/01\/IMG-20251013-WA0040-1024x461.jpg 1024w, https:\/\/ongagapemadag.net\/wp-content\/uploads\/2026\/01\/IMG-20251013-WA0040-300x135.jpg 300w, https:\/\/ongagapemadag.net\/wp-content\/uploads\/2026\/01\/IMG-20251013-WA0040-768x346.jpg 768w, https:\/\/ongagapemadag.net\/wp-content\/uploads\/2026\/01\/IMG-20251013-WA0040.jpg 1040w\" sizes=\"auto, (max-width: 1024px) 100vw, 1024px\" \/><\/figure>\n\n\n\n<figure class=\"wp-block-image size-full\"><img loading=\"lazy\" decoding=\"async\" width=\"623\" height=\"858\" src=\"https:\/\/ongagapemadag.net\/wp-content\/uploads\/2026\/01\/WhatsApp-Image-2026-01-27-at-09.19.11-1.jpeg\" alt=\"\" class=\"wp-image-391\" srcset=\"https:\/\/ongagapemadag.net\/wp-content\/uploads\/2026\/01\/WhatsApp-Image-2026-01-27-at-09.19.11-1.jpeg 623w, https:\/\/ongagapemadag.net\/wp-content\/uploads\/2026\/01\/WhatsApp-Image-2026-01-27-at-09.19.11-1-218x300.jpeg 218w\" sizes=\"auto, (max-width: 623px) 100vw, 623px\" \/><\/figure>\n\n\n\n<p>POUR OFFRIR DE DONS  : <\/p>\n\n\n\n<p>COORDONN\u00c9ES BANCAIRES DE L&rsquo;ONG AGAPE MADAGASCAR<\/p>\n\n\n\n<p>Conto corrente, IBAN:MG4600008003400500401287140<\/p>\n\n\n\n<p>BANQUE: BRED &#8211; Banque populaire, MADAGASCAR<\/p>\n\n\n\n<p>AU NOM DE : <strong>A<\/strong>mour pour la <strong>G<\/strong>arantie de l\u2019<strong>A<\/strong>venir des <strong>P<\/strong>articipants <strong>E<\/strong>veill\u00e9s<\/p>\n\n\n\n<p>CODE BIC (Bank identifier Code) : BFAVMGMGXXX<\/p>\n\n\n\n<p>&#8212;&#8212;&#8212;&#8212;&#8212;&#8212;&#8212;&#8212;&#8212;&#8212;&#8212;&#8212;&#8212;&#8212;&#8212;&#8212;&#8212;&#8212;&#8212;<\/p>\n\n\n\n<p><strong>COMPTE BANCAIRE ALTERNATIF:<\/strong><\/p>\n\n\n\n<p>Banque en Italie : CREDIT AGRICOLE<\/p>\n\n\n\n<p>IBAN: IT82U0623003229000015442689<\/p>\n\n\n\n<p>Au nom de : Simplice Abel TOLIARISOA<\/p>\n\n\n\n<p>COD. B.I.C.: CRPPIT2PXXX<\/p>\n","protected":false},"excerpt":{"rendered":"<p>Un autre projet touche vraiment la vie des gens en difficult\u00e9s qui vivent sans trop d&rsquo;esp\u00e9rance, de futur, ils cherchent ce qu&rsquo;il en faut pour la vivre dans la journ\u00e9e. Comme on dit: \u00ab\u00a0Chercher aujord&rsquo;hui ce qu&rsquo;il en a fallu hier\u00a0\u00bb. Ce sont des personnes sans abris, les enfants de rue, les familles du quartier [&hellip;]<\/p>\n","protected":false},"author":1,"featured_media":0,"parent":0,"menu_order":0,"comment_status":"closed","ping_status":"closed","template":"","meta":{"footnotes":""},"class_list":["post-378","page","type-page","status-publish","hentry"],"_links":{"self":[{"href":"https:\/\/ongagapemadag.net\/index.php\/wp-json\/wp\/v2\/pages\/378","targetHints":{"allow":["GET"]}}],"collection":[{"href":"https:\/\/ongagapemadag.net\/index.php\/wp-json\/wp\/v2\/pages"}],"about":[{"href":"https:\/\/ongagapemadag.net\/index.php\/wp-json\/wp\/v2\/types\/page"}],"author":[{"embeddable":true,"href":"https:\/\/ongagapemadag.net\/index.php\/wp-json\/wp\/v2\/users\/1"}],"replies":[{"embeddable":true,"href":"https:\/\/ongagapemadag.net\/index.php\/wp-json\/wp\/v2\/comments?post=378"}],"version-history":[{"count":7,"href":"https:\/\/ongagapemadag.net\/index.php\/wp-json\/wp\/v2\/pages\/378\/revisions"}],"predecessor-version":[{"id":437,"href":"https:\/\/ongagapemadag.net\/index.php\/wp-json\/wp\/v2\/pages\/378\/revisions\/437"}],"wp:attachment":[{"href":"https:\/\/ongagapemadag.net\/index.php\/wp-json\/wp\/v2\/media?parent=378"}],"curies":[{"name":"wp","href":"https:\/\/api.w.org\/{rel}","templated":true}]}}